{"id":19722,"date":"2026-03-07T07:16:48","date_gmt":"2026-03-07T07:16:48","guid":{"rendered":"https:\/\/keutschacherhof.com\/?page_id=19722"},"modified":"2026-03-09T16:18:36","modified_gmt":"2026-03-09T16:18:36","slug":"oferte-speciale","status":"publish","type":"page","link":"https:\/\/keutschacherhof.com\/ro\/oferte-speciale\/","title":{"rendered":"Oferte Speciale"},"content":{"rendered":"<p><div class=\"fusion-bg-parallax\" data-bg-align=\"center center\" data-direction=\"down\" data-mute=\"false\" data-opacity=\"100\" data-velocity=\"-0.3\" data-mobile-enabled=\"false\" data-break_parents=\"0\" data-bg-image=\"https:\/\/keutschacherhof.com\/wp-content\/uploads\/2026\/03\/IMG-Large.png\" data-bg-repeat=\"false\" ><\/div><div class=\"fusion-fullwidth fullwidth-box fusion-builder-row-1 fusion-flex-container has-pattern-background has-mask-background fusion-parallax-down nonhundred-percent-fullwidth non-hundred-percent-height-scrolling lazyload fusion-animated\" style=\"--awb-border-radius-top-left:0px;--awb-border-radius-top-right:0px;--awb-border-radius-bottom-right:0px;--awb-border-radius-bottom-left:0px;--awb-padding-top:15vw;--awb-padding-bottom:15vw;--awb-padding-top-small:80px;--awb-padding-bottom-small:80px;--awb-background-size:cover;--awb-flex-wrap:wrap;--awb-animation-color:var(--awb-color3);\" data-bg=\"https:\/\/keutschacherhof.com\/wp-content\/uploads\/2026\/03\/IMG-Large.png\" data-animationType=\"revealInLeft\" data-animationDuration=\"1.2\" data-animationOffset=\"top-into-view\" ><div class=\"fusion-builder-row fusion-row fusion-flex-align-items-flex-start fusion-flex-content-wrap\" style=\"max-width:1248px;margin-left: calc(-4% \/ 2 );margin-right: calc(-4% \/ 2 );\"><div class=\"fusion-layout-column fusion_builder_column fusion-builder-column-0 fusion_builder_column_1_1 1_1 fusion-flex-column\" style=\"--awb-bg-size:cover;--awb-width-large:100%;--awb-margin-top-large:0px;--awb-spacing-right-large:1.92%;--awb-margin-bottom-large:0px;--awb-spacing-left-large:1.92%;--awb-width-medium:100%;--awb-order-medium:0;--awb-spacing-right-medium:1.92%;--awb-spacing-left-medium:1.92%;--awb-width-small:100%;--awb-order-small:0;--awb-spacing-right-small:1.92%;--awb-spacing-left-small:1.92%;\"><div class=\"fusion-column-wrapper fusion-column-has-shadow fusion-flex-justify-content-flex-start fusion-content-layout-column\"><\/div><\/div><\/div><\/div><div class=\"fusion-fullwidth fullwidth-box fusion-builder-row-2 fusion-flex-container has-pattern-background has-mask-background nonhundred-percent-fullwidth non-hundred-percent-height-scrolling\" style=\"--awb-background-position:left center;--awb-border-radius-top-left:0px;--awb-border-radius-top-right:0px;--awb-border-radius-bottom-right:0px;--awb-border-radius-bottom-left:0px;--awb-padding-top:100px;--awb-padding-bottom:10px;--awb-padding-top-medium:90px;--awb-padding-bottom-medium:90px;--awb-flex-wrap:wrap;\" ><div class=\"fusion-builder-row fusion-row fusion-flex-align-items-flex-start fusion-flex-justify-content-center fusion-flex-content-wrap\" style=\"max-width:calc( 1200px + 100px );margin-left: calc(-100px \/ 2 );margin-right: calc(-100px \/ 2 );\"><div class=\"fusion-layout-column fusion_builder_column fusion-builder-column-1 fusion_builder_column_1_1 1_1 fusion-flex-column fusion-animated\" style=\"--awb-bg-color:var(--awb-color2);--awb-bg-color-hover:var(--awb-color2);--awb-bg-size:cover;--awb-width-large:100%;--awb-margin-top-large:0px;--awb-spacing-right-large:50px;--awb-margin-bottom-large:100px;--awb-spacing-left-large:50px;--awb-width-medium:100%;--awb-order-medium:0;--awb-spacing-right-medium:50px;--awb-spacing-left-medium:50px;--awb-width-small:100%;--awb-order-small:0;--awb-spacing-right-small:50px;--awb-margin-bottom-small:68px;--awb-spacing-left-small:50px;\" data-animationType=\"fadeInDown\" data-animationDuration=\"0.8\" data-animationDelay=\"0.2\" data-animationOffset=\"top-into-view\"><div class=\"fusion-column-wrapper fusion-column-has-shadow fusion-flex-justify-content-flex-start fusion-content-layout-column\"><div class=\"fusion-title title fusion-title-1 fusion-no-small-visibility fusion-sep-none fusion-title-center fusion-title-text fusion-title-size-one\" style=\"--awb-text-color:var(--awb-color8);--awb-margin-bottom:20px;--awb-margin-top-small:10px;--awb-margin-right-small:0px;--awb-margin-bottom-small:20px;--awb-margin-left-small:0px;\"><h1 class=\"fusion-title-heading title-heading-center\" style=\"margin:0;\">Oferte Speciale Hotel Keutschacherhof<\/h1><\/div><div class=\"fusion-title title fusion-title-2 fusion-no-medium-visibility fusion-no-large-visibility fusion-sep-none fusion-title-center fusion-title-text fusion-title-size-two\" style=\"--awb-text-color:var(--awb-color8);--awb-margin-bottom:20px;--awb-margin-top-small:10px;--awb-margin-right-small:0px;--awb-margin-bottom-small:20px;--awb-margin-left-small:0px;--awb-font-size:36px;\"><h2 class=\"fusion-title-heading title-heading-center\" style=\"margin:0;font-size:1em;\">Oferte Speciale Hotel Keutschacherhof<\/h2><\/div><div class=\"fusion-text fusion-text-1 fusion-no-small-visibility fusion-text-no-margin\" style=\"--awb-content-alignment:center;--awb-margin-right:5%;--awb-margin-bottom:0px;--awb-margin-left:5%;\"><p style=\"text-align: center;\"><span style=\"color: #f0eee5;\">Bucura-te de vacantele la Keutschacherhof<\/span><br \/>\nLocatia perfecta pentru a te distra si a te relaxa, in orice perioada a anului. Sporturi nautice vara?<br \/>\nCalarie si drumetii in frumusetea neatinsa a naturii? Arta iconica si alte expozitii?<\/p>\n<\/div><div class=\"fusion-text fusion-text-2 fusion-no-medium-visibility fusion-no-large-visibility fusion-text-no-margin\" style=\"--awb-content-alignment:center;--awb-margin-bottom:0px;\"><p>Locatia perfecta pentru a te distra si a te relaxa, in orice perioada a anului. Sporturi nautice vara?<\/p>\n<p>Calarie si drumetii in frumusetea neatinsa a naturii? Arta iconica si alte expozitii?<\/p>\n<\/div><div class=\"fusion-title title fusion-title-3 fusion-no-small-visibility fusion-sep-none fusion-title-center fusion-title-text fusion-title-size-three\" style=\"--awb-text-color:var(--awb-color8);--awb-margin-top:25px;--awb-margin-bottom:0px;--awb-margin-top-small:10px;--awb-margin-right-small:0px;--awb-margin-bottom-small:20px;--awb-margin-left-small:0px;\"><h3 class=\"fusion-title-heading title-heading-center\" style=\"margin:0;\">Avem de toate!<\/h3><\/div><\/div><\/div><\/div><\/div><div class=\"fusion-fullwidth fullwidth-box fusion-builder-row-3 fusion-flex-container has-pattern-background has-mask-background nonhundred-percent-fullwidth non-hundred-percent-height-scrolling\" style=\"--awb-background-position:left center;--awb-border-radius-top-left:0px;--awb-border-radius-top-right:0px;--awb-border-radius-bottom-right:0px;--awb-border-radius-bottom-left:0px;--awb-padding-top:30px;--awb-padding-bottom:0px;--awb-padding-top-medium:90px;--awb-padding-bottom-medium:90px;--awb-margin-bottom:0px;--awb-background-color:var(--awb-color1);--awb-flex-wrap:wrap;\" ><div class=\"fusion-builder-row fusion-row fusion-flex-align-items-flex-start fusion-flex-justify-content-center fusion-flex-content-wrap\" style=\"max-width:1248px;margin-left: calc(-4% \/ 2 );margin-right: calc(-4% \/ 2 );\"><div class=\"fusion-layout-column fusion_builder_column fusion-builder-column-2 fusion_builder_column_1_1 1_1 fusion-flex-column\" style=\"--awb-bg-size:cover;--awb-width-large:100%;--awb-margin-top-large:0px;--awb-spacing-right-large:1.92%;--awb-margin-bottom-large:20px;--awb-spacing-left-large:1.92%;--awb-width-medium:100%;--awb-order-medium:0;--awb-spacing-right-medium:1.92%;--awb-spacing-left-medium:1.92%;--awb-width-small:100%;--awb-order-small:0;--awb-spacing-right-small:1.92%;--awb-spacing-left-small:1.92%;\"><div class=\"fusion-column-wrapper fusion-column-has-shadow fusion-flex-justify-content-flex-start fusion-content-layout-column\"><div class=\"fusion-text fusion-text-3\"><p style=\"text-align: center;\">Oferte Speciale Hotel Keutschacherhof<\/p>\n<p style=\"text-align: center;\">\u00cen prezent, nu avem pachete speciale active.<\/p>\n<p style=\"text-align: center;\">Post\u0103m oferte noi aici \u00een mod regulat pentru o rezervare simpl\u0103 \u2014 r\u0103m\u00e2ne\u021bi<br \/>\naproape!<\/p>\n<p style=\"text-align: center;\"><strong>Grupuri \u0219i Experien\u021be Personalizate<\/strong><br \/>\n<strong>Planifica\u021bi un eveniment de team-building, o reuniune de familie sau o vacan\u021b\u0103 de grup?<\/strong><\/p>\n<p style=\"text-align: center;\"><strong>Solicit\u0103 o Ofert\u0103!<\/strong><\/p>\n<p style=\"text-align: center;\">Bun venit la Keutschacherhof<\/p>\n<p style=\"text-align: center;\">Explora\u021bi Pyramidenkogel, W\u00f6rthersee, Valea celor 4 lacuri Keutschach \u0219i sta\u021biunea de schi Gerlitzen \u2014 de la relaxare pe malul lacului p\u00e2n\u0103 la v\u00e2rfurile mun\u021bilor.<\/p>\n<p style=\"text-align: center;\">Accesa\u021bi ghidurile noastre digitale exclusive de ciclism \u0219i drume\u021bii la sec\u021biunea \u201ece s\u0103 faci\u201d pentru a descoperi peste 750 km de rute prin regiunea W\u00f6rthersee-Rosental.<\/p>\n<\/div><\/div><\/div><div class=\"fusion-layout-column fusion_builder_column fusion-builder-column-3 fusion_builder_column_1_1 1_1 fusion-flex-column\" style=\"--awb-bg-size:cover;--awb-width-large:100%;--awb-margin-top-large:0px;--awb-spacing-right-large:1.92%;--awb-margin-bottom-large:20px;--awb-spacing-left-large:1.92%;--awb-width-medium:100%;--awb-order-medium:0;--awb-spacing-right-medium:1.92%;--awb-spacing-left-medium:1.92%;--awb-width-small:100%;--awb-order-small:0;--awb-spacing-right-small:1.92%;--awb-spacing-left-small:1.92%;\"><div class=\"fusion-column-wrapper fusion-column-has-shadow fusion-flex-justify-content-flex-start fusion-content-layout-column\"><div class=\"fusion-image-element \" style=\"text-align:center;--awb-caption-title-font-family:var(--h2_typography-font-family);--awb-caption-title-font-weight:var(--h2_typography-font-weight);--awb-caption-title-font-style:var(--h2_typography-font-style);--awb-caption-title-size:var(--h2_typography-font-size);--awb-caption-title-transform:var(--h2_typography-text-transform);--awb-caption-title-line-height:var(--h2_typography-line-height);--awb-caption-title-letter-spacing:var(--h2_typography-letter-spacing);\"><span class=\" fusion-imageframe imageframe-none imageframe-1 hover-type-none\"><img decoding=\"async\" width=\"1363\" height=\"831\" title=\"Poze\" src=\"https:\/\/keutschacherhof.com\/wp-content\/uploads\/2026\/03\/Poze.png\" data-orig-src=\"https:\/\/keutschacherhof.com\/wp-content\/uploads\/2026\/03\/Poze.png\" alt class=\"lazyload img-responsive wp-image-19691\" srcset=\"data:image\/svg+xml,%3Csvg%20xmlns%3D%27http%3A%2F%2Fwww.w3.org%2F2000%2Fsvg%27%20width%3D%271363%27%20height%3D%27831%27%20viewBox%3D%270%200%201363%20831%27%3E%3Crect%20width%3D%271363%27%20height%3D%27831%27%20fill-opacity%3D%220%22%2F%3E%3C%2Fsvg%3E\" data-srcset=\"https:\/\/keutschacherhof.com\/wp-content\/uploads\/2026\/03\/Poze-200x122.png 200w, https:\/\/keutschacherhof.com\/wp-content\/uploads\/2026\/03\/Poze-400x244.png 400w, https:\/\/keutschacherhof.com\/wp-content\/uploads\/2026\/03\/Poze-600x366.png 600w, https:\/\/keutschacherhof.com\/wp-content\/uploads\/2026\/03\/Poze-800x488.png 800w, https:\/\/keutschacherhof.com\/wp-content\/uploads\/2026\/03\/Poze-1200x732.png 1200w, https:\/\/keutschacherhof.com\/wp-content\/uploads\/2026\/03\/Poze.png 1363w\" data-sizes=\"auto\" data-orig-sizes=\"(max-width: 640px) 100vw, 1200px\" \/><\/span><\/div><\/div><\/div><div class=\"fusion-layout-column fusion_builder_column fusion-builder-column-4 fusion_builder_column_1_4 1_4 fusion-flex-column fusion-flex-align-self-center\" style=\"--awb-bg-size:cover;--awb-width-large:25%;--awb-margin-top-large:0px;--awb-spacing-right-large:7.68%;--awb-margin-bottom-large:20px;--awb-spacing-left-large:7.68%;--awb-width-medium:25%;--awb-order-medium:0;--awb-spacing-right-medium:7.68%;--awb-spacing-left-medium:7.68%;--awb-width-small:100%;--awb-order-small:0;--awb-spacing-right-small:1.92%;--awb-spacing-left-small:1.92%;\" data-scroll-devices=\"small-visibility,medium-visibility,large-visibility\"><div class=\"fusion-column-wrapper fusion-column-has-shadow fusion-flex-justify-content-flex-start fusion-content-layout-column\"><\/div><\/div><div class=\"fusion-layout-column fusion_builder_column fusion-builder-column-5 fusion_builder_column_1_4 1_4 fusion-flex-column fusion-flex-align-self-center\" style=\"--awb-bg-size:cover;--awb-width-large:25%;--awb-margin-top-large:0px;--awb-spacing-right-large:7.68%;--awb-margin-bottom-large:20px;--awb-spacing-left-large:7.68%;--awb-width-medium:25%;--awb-order-medium:0;--awb-spacing-right-medium:7.68%;--awb-spacing-left-medium:7.68%;--awb-width-small:100%;--awb-order-small:0;--awb-spacing-right-small:1.92%;--awb-spacing-left-small:1.92%;\" data-scroll-devices=\"small-visibility,medium-visibility,large-visibility\"><div class=\"fusion-column-wrapper fusion-column-has-shadow fusion-flex-justify-content-flex-start fusion-content-layout-column\"><div style=\"text-align:center;\"><a class=\"fusion-button button-flat fusion-button-default-size button-custom fusion-button-default button-1 fusion-button-default-span fusion-button-default-type\" style=\"--awb-margin-top:40px;--awb-padding-right:40px;--awb-padding-left:40px;--button_accent_color:var(--awb-color5);--button_border_color:var(--awb-color5);--button_accent_hover_color:var(--awb-color1);--button_border_hover_color:var(--awb-color1);--button_border_width-top:0px;--button_border_width-right:0px;--button_border_width-bottom:2px;--button_border_width-left:0px;--button-border-radius-top-left:10px;--button-border-radius-top-right:10px;--button-border-radius-bottom-right:10px;--button-border-radius-bottom-left:10px;--button_gradient_top_color:var(--awb-color1);--button_gradient_bottom_color:var(--awb-color1);--button_gradient_top_color_hover:var(--awb-color5);--button_gradient_bottom_color_hover:var(--awb-color5);\" target=\"_self\" data-hover=\"text_slide_up\" href=\"https:\/\/booking.s2.hotellogin.cloud\/customer\/enjoyit\/booking.php?locale=4\"><div class=\"awb-button-text-transition  awb-button__hover-content--centered\"><span class=\"fusion-button-text awb-button__text awb-button__text--default\">REZERV\u0102 UN SEJUR<\/span><span class=\"fusion-button-text awb-button__text awb-button__text--default\">REZERV\u0102 UN SEJUR<\/span><\/div><\/a><\/div><\/div><\/div><div class=\"fusion-layout-column fusion_builder_column fusion-builder-column-6 fusion_builder_column_1_4 1_4 fusion-flex-column fusion-flex-align-self-center\" style=\"--awb-bg-size:cover;--awb-width-large:25%;--awb-margin-top-large:0px;--awb-spacing-right-large:7.68%;--awb-margin-bottom-large:20px;--awb-spacing-left-large:7.68%;--awb-width-medium:25%;--awb-order-medium:0;--awb-spacing-right-medium:7.68%;--awb-spacing-left-medium:7.68%;--awb-width-small:100%;--awb-order-small:0;--awb-spacing-right-small:1.92%;--awb-spacing-left-small:1.92%;\" data-scroll-devices=\"small-visibility,medium-visibility,large-visibility\"><div class=\"fusion-column-wrapper fusion-column-has-shadow fusion-flex-justify-content-flex-start fusion-content-layout-column\"><div style=\"text-align:center;\"><a class=\"fusion-button button-flat fusion-button-default-size button-custom fusion-button-default button-2 fusion-button-default-span fusion-button-default-type\" style=\"--awb-margin-top:40px;--awb-padding-right:40px;--awb-padding-left:40px;--button_accent_color:var(--awb-color5);--button_border_color:var(--awb-color5);--button_accent_hover_color:var(--awb-color1);--button_border_hover_color:var(--awb-color1);--button_border_width-top:0px;--button_border_width-right:0px;--button_border_width-bottom:2px;--button_border_width-left:0px;--button-border-radius-top-left:10px;--button-border-radius-top-right:10px;--button-border-radius-bottom-right:10px;--button-border-radius-bottom-left:10px;--button_gradient_top_color:var(--awb-color1);--button_gradient_bottom_color:var(--awb-color1);--button_gradient_top_color_hover:var(--awb-color5);--button_gradient_bottom_color_hover:var(--awb-color5);\" target=\"_self\" data-hover=\"text_slide_up\" href=\"https:\/\/booking.s2.hotellogin.cloud\/customer\/enjoyit\/booking.php?offer=1&amp;locale=4\"><div class=\"awb-button-text-transition  awb-button__hover-content--centered\"><span class=\"fusion-button-text awb-button__text awb-button__text--default\">CERE\u021aI OFERTA<\/span><span class=\"fusion-button-text awb-button__text awb-button__text--default\">CERE\u021aI OFERTA<\/span><\/div><\/a><\/div><\/div><\/div><div class=\"fusion-layout-column fusion_builder_column fusion-builder-column-7 fusion_builder_column_1_4 1_4 fusion-flex-column fusion-flex-align-self-center\" style=\"--awb-bg-size:cover;--awb-width-large:25%;--awb-margin-top-large:0px;--awb-spacing-right-large:7.68%;--awb-margin-bottom-large:20px;--awb-spacing-left-large:7.68%;--awb-width-medium:25%;--awb-order-medium:0;--awb-spacing-right-medium:7.68%;--awb-spacing-left-medium:7.68%;--awb-width-small:100%;--awb-order-small:0;--awb-spacing-right-small:1.92%;--awb-spacing-left-small:1.92%;\" data-scroll-devices=\"small-visibility,medium-visibility,large-visibility\"><div class=\"fusion-column-wrapper fusion-column-has-shadow fusion-flex-justify-content-flex-start fusion-content-layout-column\"><\/div><\/div><div class=\"fusion-layout-column fusion_builder_column fusion-builder-column-8 fusion_builder_column_1_1 1_1 fusion-flex-column\" style=\"--awb-bg-size:cover;--awb-width-large:100%;--awb-margin-top-large:0px;--awb-spacing-right-large:1.92%;--awb-margin-bottom-large:20px;--awb-spacing-left-large:1.92%;--awb-width-medium:100%;--awb-order-medium:0;--awb-spacing-right-medium:1.92%;--awb-spacing-left-medium:1.92%;--awb-width-small:100%;--awb-order-small:0;--awb-spacing-right-small:1.92%;--awb-spacing-left-small:1.92%;\"><div class=\"fusion-column-wrapper fusion-column-has-shadow fusion-flex-justify-content-flex-start fusion-content-layout-column\">                <div class=\"ml-embedded\" data-form=\"bOv9tc\"><\/div>\n            <\/div><\/div><\/div><\/div><\/p>\n","protected":false},"excerpt":{"rendered":"","protected":false},"author":2,"featured_media":0,"parent":0,"menu_order":0,"comment_status":"closed","ping_status":"closed","template":"100-width.php","meta":{"footnotes":""},"class_list":["post-19722","page","type-page","status-publish","hentry"],"yoast_head":"<!-- This site is optimized with the Yoast SEO Premium plugin v27.3 (Yoast SEO v27.4) - https:\/\/yoast.com\/product\/yoast-seo-premium-wordpress\/ -->\n<title>Oferte Speciale - KEUTSCHACHERHOF HOTEL<\/title>\n<meta name=\"robots\" content=\"index, follow, max-snippet:-1, max-image-preview:large, max-video-preview:-1\" \/>\n<link rel=\"canonical\" href=\"https:\/\/keutschacherhof.com\/ro\/oferte-speciale\/\" \/>\n<meta property=\"og:locale\" content=\"ro_RO\" \/>\n<meta property=\"og:type\" content=\"article\" \/>\n<meta property=\"og:title\" content=\"Oferte Speciale\" \/>\n<meta property=\"og:url\" content=\"https:\/\/keutschacherhof.com\/ro\/oferte-speciale\/\" \/>\n<meta property=\"og:site_name\" content=\"KEUTSCHACHERHOF HOTEL\" \/>\n<meta property=\"article:publisher\" content=\"https:\/\/www.facebook.com\/keutschacherhof.at\" \/>\n<meta property=\"article:modified_time\" content=\"2026-03-09T16:18:36+00:00\" \/>\n<meta name=\"twitter:card\" content=\"summary_large_image\" \/>\n<meta name=\"twitter:label1\" content=\"Timp estimat pentru citire\" \/>\n\t<meta name=\"twitter:data1\" content=\"2 minute\" \/>\n<script type=\"application\/ld+json\" class=\"yoast-schema-graph\">{\"@context\":\"https:\\\/\\\/schema.org\",\"@graph\":[{\"@type\":\"WebPage\",\"@id\":\"https:\\\/\\\/keutschacherhof.com\\\/ro\\\/oferte-speciale\\\/\",\"url\":\"https:\\\/\\\/keutschacherhof.com\\\/ro\\\/oferte-speciale\\\/\",\"name\":\"Oferte Speciale - KEUTSCHACHERHOF HOTEL\",\"isPartOf\":{\"@id\":\"https:\\\/\\\/keutschacherhof.com\\\/#website\"},\"datePublished\":\"2026-03-07T07:16:48+00:00\",\"dateModified\":\"2026-03-09T16:18:36+00:00\",\"breadcrumb\":{\"@id\":\"https:\\\/\\\/keutschacherhof.com\\\/ro\\\/oferte-speciale\\\/#breadcrumb\"},\"inLanguage\":\"ro-RO\",\"potentialAction\":[{\"@type\":\"ReadAction\",\"target\":[\"https:\\\/\\\/keutschacherhof.com\\\/ro\\\/oferte-speciale\\\/\"]}]},{\"@type\":\"BreadcrumbList\",\"@id\":\"https:\\\/\\\/keutschacherhof.com\\\/ro\\\/oferte-speciale\\\/#breadcrumb\",\"itemListElement\":[{\"@type\":\"ListItem\",\"position\":1,\"name\":\"Home\",\"item\":\"https:\\\/\\\/keutschacherhof.com\\\/ro\\\/\"},{\"@type\":\"ListItem\",\"position\":2,\"name\":\"Oferte Speciale\"}]},{\"@type\":\"WebSite\",\"@id\":\"https:\\\/\\\/keutschacherhof.com\\\/#website\",\"url\":\"https:\\\/\\\/keutschacherhof.com\\\/\",\"name\":\"KEUTSCHACHERHOF\",\"description\":\"The perfect location for You to have fun and relax, any time of the year.\",\"publisher\":{\"@id\":\"https:\\\/\\\/keutschacherhof.com\\\/#organization\"},\"potentialAction\":[{\"@type\":\"SearchAction\",\"target\":{\"@type\":\"EntryPoint\",\"urlTemplate\":\"https:\\\/\\\/keutschacherhof.com\\\/?s={search_term_string}\"},\"query-input\":{\"@type\":\"PropertyValueSpecification\",\"valueRequired\":true,\"valueName\":\"search_term_string\"}}],\"inLanguage\":\"ro-RO\"},{\"@type\":\"Organization\",\"@id\":\"https:\\\/\\\/keutschacherhof.com\\\/#organization\",\"name\":\"KEUTSCHACHERHOF\",\"url\":\"https:\\\/\\\/keutschacherhof.com\\\/\",\"logo\":{\"@type\":\"ImageObject\",\"inLanguage\":\"ro-RO\",\"@id\":\"https:\\\/\\\/keutschacherhof.com\\\/#\\\/schema\\\/logo\\\/image\\\/\",\"url\":\"https:\\\/\\\/736a45.n3cdn1.secureserver.net\\\/wp-content\\\/uploads\\\/2024\\\/02\\\/Logo_Hotel.png?time=1709659338\",\"contentUrl\":\"https:\\\/\\\/736a45.n3cdn1.secureserver.net\\\/wp-content\\\/uploads\\\/2024\\\/02\\\/Logo_Hotel.png?time=1709659338\",\"width\":840,\"height\":300,\"caption\":\"KEUTSCHACHERHOF\"},\"image\":{\"@id\":\"https:\\\/\\\/keutschacherhof.com\\\/#\\\/schema\\\/logo\\\/image\\\/\"},\"sameAs\":[\"https:\\\/\\\/www.facebook.com\\\/keutschacherhof.at\",\"https:\\\/\\\/www.instagram.com\\\/keutschacherhof\\\/\"]}]}<\/script>\n<!-- \/ Yoast SEO Premium plugin. -->","yoast_head_json":{"title":"Oferte Speciale - KEUTSCHACHERHOF HOTEL","robots":{"index":"index","follow":"follow","max-snippet":"max-snippet:-1","max-image-preview":"max-image-preview:large","max-video-preview":"max-video-preview:-1"},"canonical":"https:\/\/keutschacherhof.com\/ro\/oferte-speciale\/","og_locale":"ro_RO","og_type":"article","og_title":"Oferte Speciale","og_url":"https:\/\/keutschacherhof.com\/ro\/oferte-speciale\/","og_site_name":"KEUTSCHACHERHOF HOTEL","article_publisher":"https:\/\/www.facebook.com\/keutschacherhof.at","article_modified_time":"2026-03-09T16:18:36+00:00","twitter_card":"summary_large_image","twitter_misc":{"Timp estimat pentru citire":"2 minute"},"schema":{"@context":"https:\/\/schema.org","@graph":[{"@type":"WebPage","@id":"https:\/\/keutschacherhof.com\/ro\/oferte-speciale\/","url":"https:\/\/keutschacherhof.com\/ro\/oferte-speciale\/","name":"Oferte Speciale - KEUTSCHACHERHOF HOTEL","isPartOf":{"@id":"https:\/\/keutschacherhof.com\/#website"},"datePublished":"2026-03-07T07:16:48+00:00","dateModified":"2026-03-09T16:18:36+00:00","breadcrumb":{"@id":"https:\/\/keutschacherhof.com\/ro\/oferte-speciale\/#breadcrumb"},"inLanguage":"ro-RO","potentialAction":[{"@type":"ReadAction","target":["https:\/\/keutschacherhof.com\/ro\/oferte-speciale\/"]}]},{"@type":"BreadcrumbList","@id":"https:\/\/keutschacherhof.com\/ro\/oferte-speciale\/#breadcrumb","itemListElement":[{"@type":"ListItem","position":1,"name":"Home","item":"https:\/\/keutschacherhof.com\/ro\/"},{"@type":"ListItem","position":2,"name":"Oferte Speciale"}]},{"@type":"WebSite","@id":"https:\/\/keutschacherhof.com\/#website","url":"https:\/\/keutschacherhof.com\/","name":"KEUTSCHACHERHOF","description":"The perfect location for You to have fun and relax, any time of the year.","publisher":{"@id":"https:\/\/keutschacherhof.com\/#organization"},"potentialAction":[{"@type":"SearchAction","target":{"@type":"EntryPoint","urlTemplate":"https:\/\/keutschacherhof.com\/?s={search_term_string}"},"query-input":{"@type":"PropertyValueSpecification","valueRequired":true,"valueName":"search_term_string"}}],"inLanguage":"ro-RO"},{"@type":"Organization","@id":"https:\/\/keutschacherhof.com\/#organization","name":"KEUTSCHACHERHOF","url":"https:\/\/keutschacherhof.com\/","logo":{"@type":"ImageObject","inLanguage":"ro-RO","@id":"https:\/\/keutschacherhof.com\/#\/schema\/logo\/image\/","url":"https:\/\/736a45.n3cdn1.secureserver.net\/wp-content\/uploads\/2024\/02\/Logo_Hotel.png?time=1709659338","contentUrl":"https:\/\/736a45.n3cdn1.secureserver.net\/wp-content\/uploads\/2024\/02\/Logo_Hotel.png?time=1709659338","width":840,"height":300,"caption":"KEUTSCHACHERHOF"},"image":{"@id":"https:\/\/keutschacherhof.com\/#\/schema\/logo\/image\/"},"sameAs":["https:\/\/www.facebook.com\/keutschacherhof.at","https:\/\/www.instagram.com\/keutschacherhof\/"]}]}},"jetpack_sharing_enabled":true,"_links":{"self":[{"href":"https:\/\/keutschacherhof.com\/ro\/wp-json\/wp\/v2\/pages\/19722","targetHints":{"allow":["GET"]}}],"collection":[{"href":"https:\/\/keutschacherhof.com\/ro\/wp-json\/wp\/v2\/pages"}],"about":[{"href":"https:\/\/keutschacherhof.com\/ro\/wp-json\/wp\/v2\/types\/page"}],"author":[{"embeddable":true,"href":"https:\/\/keutschacherhof.com\/ro\/wp-json\/wp\/v2\/users\/2"}],"replies":[{"embeddable":true,"href":"https:\/\/keutschacherhof.com\/ro\/wp-json\/wp\/v2\/comments?post=19722"}],"version-history":[{"count":7,"href":"https:\/\/keutschacherhof.com\/ro\/wp-json\/wp\/v2\/pages\/19722\/revisions"}],"predecessor-version":[{"id":19939,"href":"https:\/\/keutschacherhof.com\/ro\/wp-json\/wp\/v2\/pages\/19722\/revisions\/19939"}],"wp:attachment":[{"href":"https:\/\/keutschacherhof.com\/ro\/wp-json\/wp\/v2\/media?parent=19722"}],"curies":[{"name":"wp","href":"https:\/\/api.w.org\/{rel}","templated":true}]}}