{"id":18998,"date":"2024-04-08T13:35:16","date_gmt":"2024-04-08T13:35:16","guid":{"rendered":"https:\/\/keutschacherhof.com\/privacy-policy\/"},"modified":"2025-02-09T09:37:57","modified_gmt":"2025-02-09T09:37:57","slug":"politica-de-confidentialitate","status":"publish","type":"page","link":"https:\/\/keutschacherhof.com\/ro\/politica-de-confidentialitate\/","title":{"rendered":"Politica de Confiden\u021bialitate"},"content":{"rendered":"<p><div class=\"fusion-bg-parallax\" data-bg-align=\"center center\" data-direction=\"down\" data-mute=\"false\" data-opacity=\"100\" data-velocity=\"-0.3\" data-mobile-enabled=\"false\" data-break_parents=\"0\" data-bg-image=\"https:\/\/keutschacherhof.com\/wp-content\/uploads\/2023\/04\/IMG_0317-1-1024x768.jpg\" data-bg-repeat=\"false\" ><\/div><div class=\"fusion-fullwidth fullwidth-box fusion-builder-row-1 fusion-flex-container has-pattern-background has-mask-background fusion-parallax-down nonhundred-percent-fullwidth non-hundred-percent-height-scrolling lazyload fusion-animated\" style=\"--awb-border-radius-top-left:0px;--awb-border-radius-top-right:0px;--awb-border-radius-bottom-right:0px;--awb-border-radius-bottom-left:0px;--awb-padding-top:15vw;--awb-padding-bottom:15vw;--awb-padding-top-small:80px;--awb-padding-bottom-small:80px;--awb-background-size:cover;--awb-flex-wrap:wrap;--awb-animation-color:var(--awb-color3);\" data-bg=\"https:\/\/keutschacherhof.com\/wp-content\/uploads\/2023\/04\/IMG_0317-1-1024x768.jpg\" data-animationType=\"revealInLeft\" data-animationDuration=\"1.2\" data-animationOffset=\"top-into-view\" ><div class=\"fusion-builder-row fusion-row fusion-flex-align-items-flex-start fusion-flex-content-wrap\" style=\"max-width:1248px;margin-left: calc(-4% \/ 2 );margin-right: calc(-4% \/ 2 );\"><div class=\"fusion-layout-column fusion_builder_column fusion-builder-column-0 fusion_builder_column_1_1 1_1 fusion-flex-column\" style=\"--awb-bg-size:cover;--awb-width-large:100%;--awb-margin-top-large:0px;--awb-spacing-right-large:1.92%;--awb-margin-bottom-large:0px;--awb-spacing-left-large:1.92%;--awb-width-medium:100%;--awb-order-medium:0;--awb-spacing-right-medium:1.92%;--awb-spacing-left-medium:1.92%;--awb-width-small:100%;--awb-order-small:0;--awb-spacing-right-small:1.92%;--awb-spacing-left-small:1.92%;\"><div class=\"fusion-column-wrapper fusion-column-has-shadow fusion-flex-justify-content-flex-start fusion-content-layout-column\"><\/div><\/div><\/div><\/div><div class=\"fusion-fullwidth fullwidth-box fusion-builder-row-2 fusion-flex-container has-pattern-background has-mask-background nonhundred-percent-fullwidth non-hundred-percent-height-scrolling\" style=\"--awb-background-position:left center;--awb-border-radius-top-left:0px;--awb-border-radius-top-right:0px;--awb-border-radius-bottom-right:0px;--awb-border-radius-bottom-left:0px;--awb-padding-top:100px;--awb-padding-bottom:10px;--awb-padding-top-medium:90px;--awb-padding-bottom-medium:90px;--awb-flex-wrap:wrap;\" ><div class=\"fusion-builder-row fusion-row fusion-flex-align-items-flex-start fusion-flex-justify-content-center fusion-flex-content-wrap\" style=\"max-width:calc( 1200px + 100px );margin-left: calc(-100px \/ 2 );margin-right: calc(-100px \/ 2 );\"><div class=\"fusion-layout-column fusion_builder_column fusion-builder-column-1 fusion_builder_column_1_1 1_1 fusion-flex-column fusion-animated\" style=\"--awb-bg-color:var(--awb-color2);--awb-bg-color-hover:var(--awb-color2);--awb-bg-size:cover;--awb-width-large:100%;--awb-margin-top-large:0px;--awb-spacing-right-large:50px;--awb-margin-bottom-large:100px;--awb-spacing-left-large:50px;--awb-width-medium:100%;--awb-order-medium:0;--awb-spacing-right-medium:50px;--awb-spacing-left-medium:50px;--awb-width-small:100%;--awb-order-small:0;--awb-spacing-right-small:50px;--awb-margin-bottom-small:68px;--awb-spacing-left-small:50px;\" data-animationType=\"fadeInDown\" data-animationDuration=\"0.8\" data-animationDelay=\"0.2\" data-animationOffset=\"top-into-view\"><div class=\"fusion-column-wrapper fusion-column-has-shadow fusion-flex-justify-content-flex-start fusion-content-layout-column\"><div class=\"fusion-title title fusion-title-1 fusion-no-small-visibility fusion-sep-none fusion-title-center fusion-title-text fusion-title-size-one\" style=\"--awb-text-color:var(--awb-color8);--awb-margin-bottom:20px;--awb-margin-top-small:10px;--awb-margin-right-small:0px;--awb-margin-bottom-small:20px;--awb-margin-left-small:0px;\"><h1 class=\"fusion-title-heading title-heading-center\" style=\"margin:0;\">Politica de Confiden\u021bialitate Keutschacherhof<\/h1><\/div><div class=\"fusion-title title fusion-title-2 fusion-no-medium-visibility fusion-no-large-visibility fusion-sep-none fusion-title-center fusion-title-text fusion-title-size-one\" style=\"--awb-text-color:var(--awb-color8);--awb-margin-bottom:20px;--awb-margin-top-small:10px;--awb-margin-right-small:0px;--awb-margin-bottom-small:20px;--awb-margin-left-small:0px;--awb-font-size:36px;\"><h1 class=\"fusion-title-heading title-heading-center\" style=\"margin:0;font-size:1em;\">Politica de Confiden\u021bialitate Keutschacherhof<\/h1><\/div><div class=\"fusion-text fusion-text-1 fusion-no-small-visibility fusion-text-no-margin\" style=\"--awb-content-alignment:center;--awb-margin-right:5%;--awb-margin-bottom:0px;--awb-margin-left:5%;\"><p>Loca\u021bia perfect\u0103 pentru tine pentru distrac\u021bie \u0219i relaxare, \u00een orice perioad\u0103 a anului. Sporturi nautice vara?<\/p>\n<p>Echita\u021bie \u0219i drume\u021bii \u00een frumuse\u021bea de prim\u0103 clas\u0103 a naturii? Art\u0103 iconic\u0103 \u0219i alte expozi\u021bii?<\/p>\n<\/div><div class=\"fusion-text fusion-text-2 fusion-no-medium-visibility fusion-no-large-visibility fusion-text-no-margin\" style=\"--awb-content-alignment:center;--awb-margin-bottom:0px;\"><p>Ut libero aliquam elit ac sed mauris sagittis ullamcorper pretium mauris libero nullam maecenas aliquet eu viverra sed.<\/p>\n<\/div><div class=\"fusion-title title fusion-title-3 fusion-no-small-visibility fusion-sep-none fusion-title-center fusion-title-text fusion-title-size-three\" style=\"--awb-text-color:var(--awb-color8);--awb-margin-top:25px;--awb-margin-bottom:0px;--awb-margin-top-small:10px;--awb-margin-right-small:0px;--awb-margin-bottom-small:20px;--awb-margin-left-small:0px;\"><h3 class=\"fusion-title-heading title-heading-center\" style=\"margin:0;\">Le avem pe toate!<\/h3><\/div><\/div><\/div><\/div><\/div><div class=\"fusion-fullwidth fullwidth-box fusion-builder-row-3 fusion-flex-container has-pattern-background has-mask-background nonhundred-percent-fullwidth non-hundred-percent-height-scrolling\" style=\"--awb-background-position:left center;--awb-border-radius-top-left:0px;--awb-border-radius-top-right:0px;--awb-border-radius-bottom-right:0px;--awb-border-radius-bottom-left:0px;--awb-padding-top:30px;--awb-padding-bottom:0px;--awb-padding-top-medium:90px;--awb-padding-bottom-medium:90px;--awb-margin-bottom:0px;--awb-background-color:var(--awb-color1);--awb-flex-wrap:wrap;\" ><div class=\"fusion-builder-row fusion-row fusion-flex-align-items-flex-start fusion-flex-justify-content-center fusion-flex-content-wrap\" style=\"max-width:1248px;margin-left: calc(-4% \/ 2 );margin-right: calc(-4% \/ 2 );\"><div class=\"fusion-layout-column fusion_builder_column fusion-builder-column-2 fusion_builder_column_1_1 1_1 fusion-flex-column fusion-animated\" style=\"--awb-padding-top:30px;--awb-padding-right:30px;--awb-padding-bottom:30px;--awb-padding-left:30px;--awb-bg-size:cover;--awb-width-large:100%;--awb-margin-top-large:0px;--awb-spacing-right-large:1.92%;--awb-margin-bottom-large:0px;--awb-spacing-left-large:1.92%;--awb-width-medium:100%;--awb-order-medium:0;--awb-spacing-right-medium:1.92%;--awb-spacing-left-medium:1.92%;--awb-width-small:100%;--awb-order-small:0;--awb-spacing-right-small:1.92%;--awb-margin-bottom-small:30px;--awb-spacing-left-small:1.92%;\" data-animationType=\"fadeInUp\" data-animationDuration=\"0.8\" data-animationDelay=\"0.3\" data-animationOffset=\"top-into-view\" data-scroll-devices=\"small-visibility,medium-visibility,large-visibility\"><div class=\"fusion-column-wrapper fusion-column-has-shadow fusion-flex-justify-content-flex-start fusion-content-layout-column\"><div class=\"fusion-title title fusion-title-4 fusion-sep-none fusion-title-text fusion-title-size-two\" style=\"--awb-text-color:var(--awb-color8);--awb-margin-top-small:10px;--awb-margin-right-small:0px;--awb-margin-bottom-small:10px;--awb-margin-left-small:0px;\"><h2 class=\"fusion-title-heading title-heading-left\" style=\"margin:0;\">Politica de Confiden\u021bialitate Keutsch Hof Betrieb GmbH, Austria, ATU74319524<\/h2><\/div><div class=\"fusion-text fusion-text-3\"><p>Stima\u021bi Oaspe\u021bi,<\/p>\n<p>La Keutschacherhof Hotel, protec\u021bia \u0219i confiden\u021bialitatea datelor dumneavoastr\u0103 personale sunt o prioritate pentru noi. Ne angaj\u0103m s\u0103 respect\u0103m Regulamentul General privind Protec\u021bia Datelor (GDPR) \u0219i s\u0103 ne asigur\u0103m c\u0103 informa\u021biile dumneavoastr\u0103 sunt gestionate \u00een siguran\u021b\u0103 \u0219i responsabil. Mai jos, v\u0103 prezent\u0103m modul \u00een care colect\u0103m, utiliz\u0103m \u0219i protej\u0103m datele dumneavoastr\u0103:<\/p>\n<p>1. Colectarea \u0219i utilizarea datelor personale:<\/p>\n<p>Colect\u0103m date personale, inclusiv, dar f\u0103r\u0103 a ne limita la, numele dumneavoastr\u0103, informa\u021biile de contact \u0219i preferin\u021bele de rezervare, exclusiv pentru scopuri legitime, cum ar fi furnizarea serviciilor noastre \u0219i trimiterea de oferte.<br \/>\nDatele dumneavoastr\u0103 sunt utilizate pentru a v\u0103 oferi o experien\u021b\u0103 personalizat\u0103, pentru gestionarea rezerv\u0103rilor, procesarea pl\u0103\u021bilor \u0219i trimiterea de oferte \u0219i actualiz\u0103ri relevante.<\/p>\n<p>2. Consim\u021b\u0103m\u00e2nt \u0219i retragere:<\/p>\n<p>Consim\u021b\u0103m\u00e2ntul dumneavoastr\u0103 este esen\u021bial pentru noi. Ave\u021bi dreptul s\u0103 v\u0103 retrage\u021bi consim\u021b\u0103m\u00e2ntul privind procesarea datelor personale \u00een orice moment. V\u0103 rug\u0103m s\u0103 ne contacta\u021bi dac\u0103 dori\u021bi s\u0103 face\u021bi acest lucru.<br \/>\nRetragerea consim\u021b\u0103m\u00e2ntului nu afecteaz\u0103 legalitatea proces\u0103rii bazate pe consim\u021b\u0103m\u00e2nt \u00eenainte de retragerea acestuia.<\/p>\n<p>3. Partajarea datelor cu ter\u021bi:<\/p>\n<p>Putem \u00eemp\u0103rt\u0103\u0219i datele dumneavoastr\u0103 cu ter\u021bi de \u00eencredere, exclusiv \u00een scopurile men\u021bionate mai sus, cum ar fi contractorii no\u0219tri legitimi pentru rezerv\u0103ri, taxe locale \u0219i emiterea de carduri de reducere, acolo unde este aplicabil.<br \/>\nAceste ter\u021be p\u0103r\u021bi includ: Feratel, Woerthersee.com, Hugo Hotels, Booking.com, Prim\u0103ria Keutschach am See, site-ul nostru WordPress conform GDPR \u0219i Mailchimp, unelte GDPR conforme pentru informare \u0219i marketing.<br \/>\nNe asigur\u0103m c\u0103 orice ter\u021b cu care \u00eemp\u0103rt\u0103\u0219im datele dumneavoastr\u0103 respect\u0103 standardele GDPR \u0219i utilizeaz\u0103 informa\u021biile doar \u00een scopurile stabilite.<\/p>\n<p>4. Securitatea datelor:<\/p>\n<p>Implement\u0103m m\u0103suri tehnice \u0219i organizatorice adecvate pentru protejarea datelor dumneavoastr\u0103 personale \u00eempotriva accesului, divulg\u0103rii, modific\u0103rii sau distrugerii neautorizate.<br \/>\nDatele dumneavoastr\u0103 sunt stocate \u00een siguran\u021b\u0103, iar accesul este restric\u021bionat doar personalului autorizat.<\/p>\n<p>5. P\u0103strarea datelor:<\/p>\n<p>P\u0103str\u0103m datele dumneavoastr\u0103 personale doar pentru perioada necesar\u0103 \u00eendeplinirii scopurilor descrise \u00een aceast\u0103 Politic\u0103 de Confiden\u021bialitate sau conform cerin\u021belor legale.<\/p>\n<p>6. Drepturile dumneavoastr\u0103:<\/p>\n<p>Ave\u021bi dreptul de a solicita \u0219tergerea datelor personale de\u021binute de noi, restric\u021bionarea proces\u0103rii acestora \u0219i portabilitatea datelor.<br \/>\nDac\u0103 ave\u021bi \u00eentreb\u0103ri sau nel\u0103muriri cu privire la procesarea datelor dumneavoastr\u0103 personale sau dori\u021bi s\u0103 v\u0103 exercita\u021bi drepturile, v\u0103 rug\u0103m s\u0103 v\u0103 dezabona\u021bi \u0219i\/sau s\u0103 ne contacta\u021bi.<br \/>\nPrin utilizarea serviciilor noastre \u0219i furnizarea datelor personale, v\u0103 exprima\u021bi acordul cu privire la colectarea, utilizarea \u0219i partajarea informa\u021biilor conform acestei Politici de Confiden\u021bialitate. Ne rezerv\u0103m dreptul de a actualiza sau modifica aceast\u0103 politic\u0103 \u00een orice moment. V\u0103 \u00eencuraj\u0103m s\u0103 o revizui\u021bi periodic pentru eventuale modific\u0103ri.<\/p>\n<p>Ultima actualizare: 15\/02\/2024<\/p>\n<p>Pentru orice \u00eentreb\u0103ri sau solicit\u0103ri referitoare la aceast\u0103 Politic\u0103 de Confiden\u021bialitate, v\u0103 rug\u0103m s\u0103 ne contacta\u021bi la: booking@keutschacherhof.com<\/p>\n<\/div><\/div><\/div><\/div><\/div><\/p>\n","protected":false},"excerpt":{"rendered":"","protected":false},"author":2,"featured_media":0,"parent":0,"menu_order":0,"comment_status":"closed","ping_status":"closed","template":"100-width.php","meta":{"footnotes":""},"class_list":["post-18998","page","type-page","status-publish","hentry"],"yoast_head":"<!-- This site is optimized with the Yoast SEO Premium plugin v27.3 (Yoast SEO v27.4) - https:\/\/yoast.com\/product\/yoast-seo-premium-wordpress\/ -->\n<title>Politica de Confiden\u021bialitate - KEUTSCHACHERHOF HOTEL<\/title>\n<meta name=\"robots\" content=\"index, follow, max-snippet:-1, max-image-preview:large, max-video-preview:-1\" \/>\n<link rel=\"canonical\" href=\"https:\/\/keutschacherhof.com\/ro\/politica-de-confidentialitate\/\" \/>\n<meta property=\"og:locale\" content=\"ro_RO\" \/>\n<meta property=\"og:type\" content=\"article\" \/>\n<meta property=\"og:title\" content=\"Politica de Confiden\u021bialitate\" \/>\n<meta property=\"og:url\" content=\"https:\/\/keutschacherhof.com\/ro\/politica-de-confidentialitate\/\" \/>\n<meta property=\"og:site_name\" content=\"KEUTSCHACHERHOF HOTEL\" \/>\n<meta property=\"article:publisher\" content=\"https:\/\/www.facebook.com\/keutschacherhof.at\" \/>\n<meta property=\"article:modified_time\" content=\"2025-02-09T09:37:57+00:00\" \/>\n<meta name=\"twitter:card\" content=\"summary_large_image\" \/>\n<meta name=\"twitter:label1\" content=\"Timp estimat pentru citire\" \/>\n\t<meta name=\"twitter:data1\" content=\"3 minute\" \/>\n<script type=\"application\/ld+json\" class=\"yoast-schema-graph\">{\"@context\":\"https:\\\/\\\/schema.org\",\"@graph\":[{\"@type\":\"WebPage\",\"@id\":\"https:\\\/\\\/keutschacherhof.com\\\/ro\\\/politica-de-confidentialitate\\\/\",\"url\":\"https:\\\/\\\/keutschacherhof.com\\\/ro\\\/politica-de-confidentialitate\\\/\",\"name\":\"Politica de Confiden\u021bialitate - KEUTSCHACHERHOF HOTEL\",\"isPartOf\":{\"@id\":\"https:\\\/\\\/keutschacherhof.com\\\/#website\"},\"datePublished\":\"2024-04-08T13:35:16+00:00\",\"dateModified\":\"2025-02-09T09:37:57+00:00\",\"breadcrumb\":{\"@id\":\"https:\\\/\\\/keutschacherhof.com\\\/ro\\\/politica-de-confidentialitate\\\/#breadcrumb\"},\"inLanguage\":\"ro-RO\",\"potentialAction\":[{\"@type\":\"ReadAction\",\"target\":[\"https:\\\/\\\/keutschacherhof.com\\\/ro\\\/politica-de-confidentialitate\\\/\"]}]},{\"@type\":\"BreadcrumbList\",\"@id\":\"https:\\\/\\\/keutschacherhof.com\\\/ro\\\/politica-de-confidentialitate\\\/#breadcrumb\",\"itemListElement\":[{\"@type\":\"ListItem\",\"position\":1,\"name\":\"Home\",\"item\":\"https:\\\/\\\/keutschacherhof.com\\\/ro\\\/\"},{\"@type\":\"ListItem\",\"position\":2,\"name\":\"Politica de Confiden\u021bialitate\"}]},{\"@type\":\"WebSite\",\"@id\":\"https:\\\/\\\/keutschacherhof.com\\\/#website\",\"url\":\"https:\\\/\\\/keutschacherhof.com\\\/\",\"name\":\"KEUTSCHACHERHOF\",\"description\":\"The perfect location for You to have fun and relax, any time of the year.\",\"publisher\":{\"@id\":\"https:\\\/\\\/keutschacherhof.com\\\/#organization\"},\"potentialAction\":[{\"@type\":\"SearchAction\",\"target\":{\"@type\":\"EntryPoint\",\"urlTemplate\":\"https:\\\/\\\/keutschacherhof.com\\\/?s={search_term_string}\"},\"query-input\":{\"@type\":\"PropertyValueSpecification\",\"valueRequired\":true,\"valueName\":\"search_term_string\"}}],\"inLanguage\":\"ro-RO\"},{\"@type\":\"Organization\",\"@id\":\"https:\\\/\\\/keutschacherhof.com\\\/#organization\",\"name\":\"KEUTSCHACHERHOF\",\"url\":\"https:\\\/\\\/keutschacherhof.com\\\/\",\"logo\":{\"@type\":\"ImageObject\",\"inLanguage\":\"ro-RO\",\"@id\":\"https:\\\/\\\/keutschacherhof.com\\\/#\\\/schema\\\/logo\\\/image\\\/\",\"url\":\"https:\\\/\\\/736a45.n3cdn1.secureserver.net\\\/wp-content\\\/uploads\\\/2024\\\/02\\\/Logo_Hotel.png?time=1709659338\",\"contentUrl\":\"https:\\\/\\\/736a45.n3cdn1.secureserver.net\\\/wp-content\\\/uploads\\\/2024\\\/02\\\/Logo_Hotel.png?time=1709659338\",\"width\":840,\"height\":300,\"caption\":\"KEUTSCHACHERHOF\"},\"image\":{\"@id\":\"https:\\\/\\\/keutschacherhof.com\\\/#\\\/schema\\\/logo\\\/image\\\/\"},\"sameAs\":[\"https:\\\/\\\/www.facebook.com\\\/keutschacherhof.at\",\"https:\\\/\\\/www.instagram.com\\\/keutschacherhof\\\/\"]}]}<\/script>\n<!-- \/ Yoast SEO Premium plugin. -->","yoast_head_json":{"title":"Politica de Confiden\u021bialitate - KEUTSCHACHERHOF HOTEL","robots":{"index":"index","follow":"follow","max-snippet":"max-snippet:-1","max-image-preview":"max-image-preview:large","max-video-preview":"max-video-preview:-1"},"canonical":"https:\/\/keutschacherhof.com\/ro\/politica-de-confidentialitate\/","og_locale":"ro_RO","og_type":"article","og_title":"Politica de Confiden\u021bialitate","og_url":"https:\/\/keutschacherhof.com\/ro\/politica-de-confidentialitate\/","og_site_name":"KEUTSCHACHERHOF HOTEL","article_publisher":"https:\/\/www.facebook.com\/keutschacherhof.at","article_modified_time":"2025-02-09T09:37:57+00:00","twitter_card":"summary_large_image","twitter_misc":{"Timp estimat pentru citire":"3 minute"},"schema":{"@context":"https:\/\/schema.org","@graph":[{"@type":"WebPage","@id":"https:\/\/keutschacherhof.com\/ro\/politica-de-confidentialitate\/","url":"https:\/\/keutschacherhof.com\/ro\/politica-de-confidentialitate\/","name":"Politica de Confiden\u021bialitate - KEUTSCHACHERHOF HOTEL","isPartOf":{"@id":"https:\/\/keutschacherhof.com\/#website"},"datePublished":"2024-04-08T13:35:16+00:00","dateModified":"2025-02-09T09:37:57+00:00","breadcrumb":{"@id":"https:\/\/keutschacherhof.com\/ro\/politica-de-confidentialitate\/#breadcrumb"},"inLanguage":"ro-RO","potentialAction":[{"@type":"ReadAction","target":["https:\/\/keutschacherhof.com\/ro\/politica-de-confidentialitate\/"]}]},{"@type":"BreadcrumbList","@id":"https:\/\/keutschacherhof.com\/ro\/politica-de-confidentialitate\/#breadcrumb","itemListElement":[{"@type":"ListItem","position":1,"name":"Home","item":"https:\/\/keutschacherhof.com\/ro\/"},{"@type":"ListItem","position":2,"name":"Politica de Confiden\u021bialitate"}]},{"@type":"WebSite","@id":"https:\/\/keutschacherhof.com\/#website","url":"https:\/\/keutschacherhof.com\/","name":"KEUTSCHACHERHOF","description":"The perfect location for You to have fun and relax, any time of the year.","publisher":{"@id":"https:\/\/keutschacherhof.com\/#organization"},"potentialAction":[{"@type":"SearchAction","target":{"@type":"EntryPoint","urlTemplate":"https:\/\/keutschacherhof.com\/?s={search_term_string}"},"query-input":{"@type":"PropertyValueSpecification","valueRequired":true,"valueName":"search_term_string"}}],"inLanguage":"ro-RO"},{"@type":"Organization","@id":"https:\/\/keutschacherhof.com\/#organization","name":"KEUTSCHACHERHOF","url":"https:\/\/keutschacherhof.com\/","logo":{"@type":"ImageObject","inLanguage":"ro-RO","@id":"https:\/\/keutschacherhof.com\/#\/schema\/logo\/image\/","url":"https:\/\/736a45.n3cdn1.secureserver.net\/wp-content\/uploads\/2024\/02\/Logo_Hotel.png?time=1709659338","contentUrl":"https:\/\/736a45.n3cdn1.secureserver.net\/wp-content\/uploads\/2024\/02\/Logo_Hotel.png?time=1709659338","width":840,"height":300,"caption":"KEUTSCHACHERHOF"},"image":{"@id":"https:\/\/keutschacherhof.com\/#\/schema\/logo\/image\/"},"sameAs":["https:\/\/www.facebook.com\/keutschacherhof.at","https:\/\/www.instagram.com\/keutschacherhof\/"]}]}},"jetpack_sharing_enabled":true,"_links":{"self":[{"href":"https:\/\/keutschacherhof.com\/ro\/wp-json\/wp\/v2\/pages\/18998","targetHints":{"allow":["GET"]}}],"collection":[{"href":"https:\/\/keutschacherhof.com\/ro\/wp-json\/wp\/v2\/pages"}],"about":[{"href":"https:\/\/keutschacherhof.com\/ro\/wp-json\/wp\/v2\/types\/page"}],"author":[{"embeddable":true,"href":"https:\/\/keutschacherhof.com\/ro\/wp-json\/wp\/v2\/users\/2"}],"replies":[{"embeddable":true,"href":"https:\/\/keutschacherhof.com\/ro\/wp-json\/wp\/v2\/comments?post=18998"}],"version-history":[{"count":2,"href":"https:\/\/keutschacherhof.com\/ro\/wp-json\/wp\/v2\/pages\/18998\/revisions"}],"predecessor-version":[{"id":19000,"href":"https:\/\/keutschacherhof.com\/ro\/wp-json\/wp\/v2\/pages\/18998\/revisions\/19000"}],"wp:attachment":[{"href":"https:\/\/keutschacherhof.com\/ro\/wp-json\/wp\/v2\/media?parent=18998"}],"curies":[{"name":"wp","href":"https:\/\/api.w.org\/{rel}","templated":true}]}}