{"id":18991,"date":"2024-02-06T10:14:32","date_gmt":"2024-02-06T10:14:32","guid":{"rendered":"https:\/\/keutschacherhof.com\/terms-of-use\/"},"modified":"2025-07-14T12:46:00","modified_gmt":"2025-07-14T12:46:00","slug":"termeni-de-utilizare","status":"publish","type":"page","link":"https:\/\/keutschacherhof.com\/ro\/termeni-de-utilizare\/","title":{"rendered":"Termeni de utilizare"},"content":{"rendered":"<p><div class=\"fusion-bg-parallax\" data-bg-align=\"center center\" data-direction=\"down\" data-mute=\"false\" data-opacity=\"100\" data-velocity=\"-0.3\" data-mobile-enabled=\"false\" data-break_parents=\"0\" data-bg-image=\"https:\/\/keutschacherhof.com\/wp-content\/uploads\/2023\/04\/IMG_0317-1-1024x768.jpg\" data-bg-repeat=\"false\" ><\/div><div class=\"fusion-fullwidth fullwidth-box fusion-builder-row-1 fusion-flex-container has-pattern-background has-mask-background fusion-parallax-down nonhundred-percent-fullwidth non-hundred-percent-height-scrolling lazyload fusion-animated\" style=\"--awb-border-radius-top-left:0px;--awb-border-radius-top-right:0px;--awb-border-radius-bottom-right:0px;--awb-border-radius-bottom-left:0px;--awb-padding-top:15vw;--awb-padding-bottom:15vw;--awb-padding-top-small:80px;--awb-padding-bottom-small:80px;--awb-background-size:cover;--awb-flex-wrap:wrap;--awb-animation-color:var(--awb-color3);\" data-bg=\"https:\/\/keutschacherhof.com\/wp-content\/uploads\/2023\/04\/IMG_0317-1-1024x768.jpg\" data-animationType=\"revealInLeft\" data-animationDuration=\"1.2\" data-animationOffset=\"top-into-view\" ><div class=\"fusion-builder-row fusion-row fusion-flex-align-items-flex-start fusion-flex-content-wrap\" style=\"max-width:1248px;margin-left: calc(-4% \/ 2 );margin-right: calc(-4% \/ 2 );\"><div class=\"fusion-layout-column fusion_builder_column fusion-builder-column-0 fusion_builder_column_1_1 1_1 fusion-flex-column\" style=\"--awb-bg-size:cover;--awb-width-large:100%;--awb-margin-top-large:0px;--awb-spacing-right-large:1.92%;--awb-margin-bottom-large:0px;--awb-spacing-left-large:1.92%;--awb-width-medium:100%;--awb-order-medium:0;--awb-spacing-right-medium:1.92%;--awb-spacing-left-medium:1.92%;--awb-width-small:100%;--awb-order-small:0;--awb-spacing-right-small:1.92%;--awb-spacing-left-small:1.92%;\"><div class=\"fusion-column-wrapper fusion-column-has-shadow fusion-flex-justify-content-flex-start fusion-content-layout-column\"><\/div><\/div><\/div><\/div><div class=\"fusion-fullwidth fullwidth-box fusion-builder-row-2 fusion-flex-container has-pattern-background has-mask-background nonhundred-percent-fullwidth non-hundred-percent-height-scrolling\" style=\"--awb-background-position:left center;--awb-border-radius-top-left:0px;--awb-border-radius-top-right:0px;--awb-border-radius-bottom-right:0px;--awb-border-radius-bottom-left:0px;--awb-padding-top:100px;--awb-padding-bottom:10px;--awb-padding-top-medium:90px;--awb-padding-bottom-medium:90px;--awb-flex-wrap:wrap;\" ><div class=\"fusion-builder-row fusion-row fusion-flex-align-items-flex-start fusion-flex-justify-content-center fusion-flex-content-wrap\" style=\"max-width:calc( 1200px + 100px );margin-left: calc(-100px \/ 2 );margin-right: calc(-100px \/ 2 );\"><div class=\"fusion-layout-column fusion_builder_column fusion-builder-column-1 fusion_builder_column_1_1 1_1 fusion-flex-column fusion-animated\" style=\"--awb-bg-color:var(--awb-color2);--awb-bg-color-hover:var(--awb-color2);--awb-bg-size:cover;--awb-width-large:100%;--awb-margin-top-large:0px;--awb-spacing-right-large:50px;--awb-margin-bottom-large:100px;--awb-spacing-left-large:50px;--awb-width-medium:100%;--awb-order-medium:0;--awb-spacing-right-medium:50px;--awb-spacing-left-medium:50px;--awb-width-small:100%;--awb-order-small:0;--awb-spacing-right-small:50px;--awb-margin-bottom-small:68px;--awb-spacing-left-small:50px;\" data-animationType=\"fadeInDown\" data-animationDuration=\"0.8\" data-animationDelay=\"0.2\" data-animationOffset=\"top-into-view\"><div class=\"fusion-column-wrapper fusion-column-has-shadow fusion-flex-justify-content-flex-start fusion-content-layout-column\"><div class=\"fusion-title title fusion-title-1 fusion-no-small-visibility fusion-sep-none fusion-title-center fusion-title-text fusion-title-size-one\" style=\"--awb-text-color:var(--awb-color8);--awb-margin-bottom:20px;--awb-margin-top-small:10px;--awb-margin-right-small:0px;--awb-margin-bottom-small:20px;--awb-margin-left-small:0px;\"><h1 class=\"fusion-title-heading title-heading-center\" style=\"margin:0;\">Bucura\u021bi-v\u0103 de vacan\u021ba Keutschacherhof<\/h1><\/div><div class=\"fusion-title title fusion-title-2 fusion-no-medium-visibility fusion-no-large-visibility fusion-sep-none fusion-title-center fusion-title-text fusion-title-size-one\" style=\"--awb-text-color:var(--awb-color8);--awb-margin-bottom:20px;--awb-margin-top-small:10px;--awb-margin-right-small:0px;--awb-margin-bottom-small:20px;--awb-margin-left-small:0px;--awb-font-size:36px;\"><h1 class=\"fusion-title-heading title-heading-center\" style=\"margin:0;font-size:1em;\">Despre locatia noastr\u0103<\/h1><\/div><div class=\"fusion-text fusion-text-1 fusion-no-small-visibility fusion-text-no-margin\" style=\"--awb-content-alignment:center;--awb-margin-right:5%;--awb-margin-bottom:0px;--awb-margin-left:5%;\"><p>Loca\u021bia perfect\u0103 pentru a v\u0103 distra \u0219i relaxa, \u00een orice moment al anului. Sporturi nautice de var\u0103?<\/p>\n<p>C\u0103l\u0103rie \u0219i drume\u021bii \u00een frumuse\u021bea de prim\u0103 clas\u0103 a naturii? Art\u0103 emblematic\u0103 \u0219i alte exponate?<\/p>\n<\/div><div class=\"fusion-title title fusion-title-3 fusion-no-small-visibility fusion-sep-none fusion-title-center fusion-title-text fusion-title-size-three\" style=\"--awb-text-color:var(--awb-color8);--awb-margin-top:25px;--awb-margin-bottom:0px;--awb-margin-top-small:10px;--awb-margin-right-small:0px;--awb-margin-bottom-small:20px;--awb-margin-left-small:0px;\"><h3 class=\"fusion-title-heading title-heading-center\" style=\"margin:0;\">Le avem pe toate!<\/h3><\/div><\/div><\/div><\/div><\/div><div class=\"fusion-fullwidth fullwidth-box fusion-builder-row-3 fusion-flex-container has-pattern-background has-mask-background nonhundred-percent-fullwidth non-hundred-percent-height-scrolling\" style=\"--awb-background-position:left center;--awb-border-radius-top-left:0px;--awb-border-radius-top-right:0px;--awb-border-radius-bottom-right:0px;--awb-border-radius-bottom-left:0px;--awb-padding-top:30px;--awb-padding-bottom:0px;--awb-padding-top-medium:90px;--awb-padding-bottom-medium:90px;--awb-margin-bottom:0px;--awb-background-color:var(--awb-color1);--awb-flex-wrap:wrap;\" ><div class=\"fusion-builder-row fusion-row fusion-flex-align-items-flex-start fusion-flex-justify-content-center fusion-flex-content-wrap\" style=\"max-width:1248px;margin-left: calc(-4% \/ 2 );margin-right: calc(-4% \/ 2 );\"><div class=\"fusion-layout-column fusion_builder_column fusion-builder-column-2 fusion_builder_column_1_1 1_1 fusion-flex-column fusion-animated\" style=\"--awb-padding-top:30px;--awb-padding-right:30px;--awb-padding-bottom:30px;--awb-padding-left:30px;--awb-bg-size:cover;--awb-width-large:100%;--awb-margin-top-large:0px;--awb-spacing-right-large:1.92%;--awb-margin-bottom-large:0px;--awb-spacing-left-large:1.92%;--awb-width-medium:100%;--awb-order-medium:0;--awb-spacing-right-medium:1.92%;--awb-spacing-left-medium:1.92%;--awb-width-small:100%;--awb-order-small:0;--awb-spacing-right-small:1.92%;--awb-margin-bottom-small:30px;--awb-spacing-left-small:1.92%;\" data-animationType=\"fadeInUp\" data-animationDuration=\"0.8\" data-animationDelay=\"0.3\" data-animationOffset=\"top-into-view\" data-scroll-devices=\"small-visibility,medium-visibility,large-visibility\"><div class=\"fusion-column-wrapper fusion-column-has-shadow fusion-flex-justify-content-flex-start fusion-content-layout-column\"><div class=\"fusion-title title fusion-title-4 fusion-sep-none fusion-title-text fusion-title-size-two\" style=\"--awb-text-color:var(--awb-color8);--awb-margin-top-small:10px;--awb-margin-right-small:0px;--awb-margin-bottom-small:10px;--awb-margin-left-small:0px;\"><h2 class=\"fusion-title-heading title-heading-left\" style=\"margin:0;\">Termeni de utilizare:<\/h2><\/div><div class=\"fusion-text fusion-text-2\"><p>Stima\u021bi Oaspe\u021bi,<\/p>\n<p>Keutschacherhof \u00eenseamn\u0103 PL\u0102CERE! Pentru a asigura un sejur relaxant tuturor oaspe\u021bilor, v\u0103 rug\u0103m s\u0103 lua\u021bi \u00een considerare urm\u0103toarele informa\u021bii \u0219i reguli ale casei:<\/p>\n<p>PROGRAM RECEP\u021aIE: 8:00 \u2013 12:00 \u0219i 15:00 \u2013 20:00<\/p>\n<p>PRELUAREA CAMEREI: 15:00 \u2013 PLECAREA: cel t\u00e2rziu la 11:00<\/p>\n<p>MICUL DEJUN este servit \u00eentre 7:30 \u2013 10:00. V\u0103 rug\u0103m s\u0103 comanda\u021bi micul dejun p\u00e2n\u0103 la ora 18:00 \u00een ziua precedent\u0103.<\/p>\n<p>\u00ceNOTUL \u00ceN PISCINA PRIVAT\u0102: Utilizare pe propria r\u0103spundere p\u00e2n\u0103 la noi dispozi\u021bii \u2013 nu face parte din serviciile hotelului. PROGRAM: 9:30 \u2013 20:00. COPIII trebuie s\u0103 fie \u00eentotdeauna supraveghea\u021bi de p\u0103rin\u021bi.<\/p>\n<p>UTILIZAREA \u0218EZLONGURILOR: \u00eentre 9:00 \u2013 20:00 \u2013 v\u0103 rug\u0103m s\u0103 v\u0103 a\u0219eza\u021bi doar pe ele \u2013 nu s\u0103ri\u021bi, nu sta\u021bi \u00een picioare \u0219i nu dansa\u021bi pe ele.<\/p>\n<p>ORE DE LINI\u0218TE: Odihna de pr\u00e2nz: 12:00 \u2013 15:00 \u0219i lini\u0219tea nocturn\u0103: 22:00 \u2013 8:00. \u00cen gr\u0103din\u0103, v\u0103 rug\u0103m s\u0103 men\u021bine\u021bi un volum moderat pentru a nu deranja al\u021bi oaspe\u021bi. \u00cen camere, v\u0103 rug\u0103m s\u0103 p\u0103stra\u021bi muzica, televizorul, conversa\u021biile etc. la un volum redus.<\/p>\n<p>Pentru CUR\u0102\u021aENIA ZILNIC\u0102, v\u0103 rug\u0103m s\u0103 ag\u0103\u021ba\u021bi semnele verzi pentru cur\u0103\u021benie pe partea exterioar\u0103 a u\u0219ii p\u00e2n\u0103 la ora 10:00.<\/p>\n<p>SCHIMBAREA PROSOAPELOR DE M\u00c2INI \u0218I DE BAIE se face doar dac\u0103 le l\u0103sa\u021bi pe podea. Nu este permis\u0103 utilizarea acestora \u00een gr\u0103din\u0103 sau la lac pe post de prosoape de plaj\u0103.<\/p>\n<p>BAUTURI \u0218I GUST\u0102RI pot fi comandate \u00een timpul programului recep\u021biei.<\/p>\n<p>FRIGIDERELE (la parter) pot fi utilizate pe propria r\u0103spundere.<\/p>\n<p>RECEP\u021aIA \u0219i familia sunt bucuroase s\u0103 primeasc\u0103 orice SUGESTII \u0218I DORIN\u021aE \u00een orice moment.<\/p>\n<p>WIFI: KEUTSCHACHERHOF; PAROL\u0102: 11223344<\/p>\n<p>V\u0103 dorim un sejur pl\u0103cut \u0219i, mai presus de toate, relaxare \u00een \u00eemprejurimile noastre minunate, care nu doar c\u0103 ofer\u0103 restaurante \u0219i baruri excelente, ci \u0219i atrac\u021bii fantastice, trasee de drume\u021bii, mountain bike \u0219i ciclism.<\/p>\n<p><strong>Condi\u021bii de anulare \u2013 Hotel Keutschacherhof<\/strong><\/p>\n<ul>\n<li>Oaspe\u021bii pot anula gratuit\u00a0<strong>cu cel pu\u021bin 14 zile \u00eenainte de sosire<\/strong>.<\/li>\n<li>Hotelul \u00ee\u0219i rezerv\u0103 dreptul de a anula o rezervare\u00a0<strong>oric\u00e2nd \u00eenainte de sosire<\/strong>, f\u0103r\u0103 obliga\u021bia de a oferi un motiv. Motivele pot include\u00a0<strong>for\u021b\u0103 major\u0103, suprarezervare<\/strong>\u00a0(din cauza unei erori tehnice sau umane, cum ar fi probleme de interfa\u021b\u0103), sau alte circumstan\u021be neprev\u0103zute.<\/li>\n<li>Dac\u0103 s-a primit\u00a0<strong>o plat\u0103<\/strong>, hotelul va oferi\u00a0<strong>o rambursare complet\u0103<\/strong>. Dac\u0103\u00a0<strong>nu s-a efectuat nicio plat\u0103<\/strong>,\u00a0<strong>nu se ofer\u0103 rambursare<\/strong>.<\/li>\n<li>Hotelul poate oferi\u00a0<strong>compensa\u021bii<\/strong>\u00a0pentru eventualele nepl\u0103ceri, prin\u00a0<strong>avantaje personalizate<\/strong>\u00a0(ex. reducere sau reprogramare), \u00een func\u021bie de disponibilitate \u0219i bun\u0103voin\u021b\u0103.<\/li>\n<\/ul>\n<p>ECHIPA Keutschacherhof<\/p>\n<\/div><\/div><\/div><\/div><\/div><\/p>\n","protected":false},"excerpt":{"rendered":"","protected":false},"author":2,"featured_media":0,"parent":0,"menu_order":0,"comment_status":"closed","ping_status":"closed","template":"100-width.php","meta":{"footnotes":""},"class_list":["post-18991","page","type-page","status-publish","hentry"],"yoast_head":"<!-- This site is optimized with the Yoast SEO Premium plugin v27.3 (Yoast SEO v27.4) - https:\/\/yoast.com\/product\/yoast-seo-premium-wordpress\/ -->\n<title>Termeni de utilizare - KEUTSCHACHERHOF HOTEL<\/title>\n<meta name=\"robots\" content=\"index, follow, max-snippet:-1, max-image-preview:large, max-video-preview:-1\" \/>\n<link rel=\"canonical\" href=\"https:\/\/keutschacherhof.com\/ro\/termeni-de-utilizare\/\" \/>\n<meta property=\"og:locale\" content=\"ro_RO\" \/>\n<meta property=\"og:type\" content=\"article\" \/>\n<meta property=\"og:title\" content=\"Termeni de utilizare\" \/>\n<meta property=\"og:url\" content=\"https:\/\/keutschacherhof.com\/ro\/termeni-de-utilizare\/\" \/>\n<meta property=\"og:site_name\" content=\"KEUTSCHACHERHOF HOTEL\" \/>\n<meta property=\"article:publisher\" content=\"https:\/\/www.facebook.com\/keutschacherhof.at\" \/>\n<meta property=\"article:modified_time\" content=\"2025-07-14T12:46:00+00:00\" \/>\n<meta name=\"twitter:card\" content=\"summary_large_image\" \/>\n<meta name=\"twitter:label1\" content=\"Timp estimat pentru citire\" \/>\n\t<meta name=\"twitter:data1\" content=\"2 minute\" \/>\n<script type=\"application\/ld+json\" class=\"yoast-schema-graph\">{\"@context\":\"https:\\\/\\\/schema.org\",\"@graph\":[{\"@type\":\"WebPage\",\"@id\":\"https:\\\/\\\/keutschacherhof.com\\\/ro\\\/termeni-de-utilizare\\\/\",\"url\":\"https:\\\/\\\/keutschacherhof.com\\\/ro\\\/termeni-de-utilizare\\\/\",\"name\":\"Termeni de utilizare - KEUTSCHACHERHOF HOTEL\",\"isPartOf\":{\"@id\":\"https:\\\/\\\/keutschacherhof.com\\\/#website\"},\"datePublished\":\"2024-02-06T10:14:32+00:00\",\"dateModified\":\"2025-07-14T12:46:00+00:00\",\"breadcrumb\":{\"@id\":\"https:\\\/\\\/keutschacherhof.com\\\/ro\\\/termeni-de-utilizare\\\/#breadcrumb\"},\"inLanguage\":\"ro-RO\",\"potentialAction\":[{\"@type\":\"ReadAction\",\"target\":[\"https:\\\/\\\/keutschacherhof.com\\\/ro\\\/termeni-de-utilizare\\\/\"]}]},{\"@type\":\"BreadcrumbList\",\"@id\":\"https:\\\/\\\/keutschacherhof.com\\\/ro\\\/termeni-de-utilizare\\\/#breadcrumb\",\"itemListElement\":[{\"@type\":\"ListItem\",\"position\":1,\"name\":\"Home\",\"item\":\"https:\\\/\\\/keutschacherhof.com\\\/ro\\\/\"},{\"@type\":\"ListItem\",\"position\":2,\"name\":\"Termeni de utilizare\"}]},{\"@type\":\"WebSite\",\"@id\":\"https:\\\/\\\/keutschacherhof.com\\\/#website\",\"url\":\"https:\\\/\\\/keutschacherhof.com\\\/\",\"name\":\"KEUTSCHACHERHOF\",\"description\":\"The perfect location for You to have fun and relax, any time of the year.\",\"publisher\":{\"@id\":\"https:\\\/\\\/keutschacherhof.com\\\/#organization\"},\"potentialAction\":[{\"@type\":\"SearchAction\",\"target\":{\"@type\":\"EntryPoint\",\"urlTemplate\":\"https:\\\/\\\/keutschacherhof.com\\\/?s={search_term_string}\"},\"query-input\":{\"@type\":\"PropertyValueSpecification\",\"valueRequired\":true,\"valueName\":\"search_term_string\"}}],\"inLanguage\":\"ro-RO\"},{\"@type\":\"Organization\",\"@id\":\"https:\\\/\\\/keutschacherhof.com\\\/#organization\",\"name\":\"KEUTSCHACHERHOF\",\"url\":\"https:\\\/\\\/keutschacherhof.com\\\/\",\"logo\":{\"@type\":\"ImageObject\",\"inLanguage\":\"ro-RO\",\"@id\":\"https:\\\/\\\/keutschacherhof.com\\\/#\\\/schema\\\/logo\\\/image\\\/\",\"url\":\"https:\\\/\\\/736a45.n3cdn1.secureserver.net\\\/wp-content\\\/uploads\\\/2024\\\/02\\\/Logo_Hotel.png?time=1709659338\",\"contentUrl\":\"https:\\\/\\\/736a45.n3cdn1.secureserver.net\\\/wp-content\\\/uploads\\\/2024\\\/02\\\/Logo_Hotel.png?time=1709659338\",\"width\":840,\"height\":300,\"caption\":\"KEUTSCHACHERHOF\"},\"image\":{\"@id\":\"https:\\\/\\\/keutschacherhof.com\\\/#\\\/schema\\\/logo\\\/image\\\/\"},\"sameAs\":[\"https:\\\/\\\/www.facebook.com\\\/keutschacherhof.at\",\"https:\\\/\\\/www.instagram.com\\\/keutschacherhof\\\/\"]}]}<\/script>\n<!-- \/ Yoast SEO Premium plugin. -->","yoast_head_json":{"title":"Termeni de utilizare - KEUTSCHACHERHOF HOTEL","robots":{"index":"index","follow":"follow","max-snippet":"max-snippet:-1","max-image-preview":"max-image-preview:large","max-video-preview":"max-video-preview:-1"},"canonical":"https:\/\/keutschacherhof.com\/ro\/termeni-de-utilizare\/","og_locale":"ro_RO","og_type":"article","og_title":"Termeni de utilizare","og_url":"https:\/\/keutschacherhof.com\/ro\/termeni-de-utilizare\/","og_site_name":"KEUTSCHACHERHOF HOTEL","article_publisher":"https:\/\/www.facebook.com\/keutschacherhof.at","article_modified_time":"2025-07-14T12:46:00+00:00","twitter_card":"summary_large_image","twitter_misc":{"Timp estimat pentru citire":"2 minute"},"schema":{"@context":"https:\/\/schema.org","@graph":[{"@type":"WebPage","@id":"https:\/\/keutschacherhof.com\/ro\/termeni-de-utilizare\/","url":"https:\/\/keutschacherhof.com\/ro\/termeni-de-utilizare\/","name":"Termeni de utilizare - KEUTSCHACHERHOF HOTEL","isPartOf":{"@id":"https:\/\/keutschacherhof.com\/#website"},"datePublished":"2024-02-06T10:14:32+00:00","dateModified":"2025-07-14T12:46:00+00:00","breadcrumb":{"@id":"https:\/\/keutschacherhof.com\/ro\/termeni-de-utilizare\/#breadcrumb"},"inLanguage":"ro-RO","potentialAction":[{"@type":"ReadAction","target":["https:\/\/keutschacherhof.com\/ro\/termeni-de-utilizare\/"]}]},{"@type":"BreadcrumbList","@id":"https:\/\/keutschacherhof.com\/ro\/termeni-de-utilizare\/#breadcrumb","itemListElement":[{"@type":"ListItem","position":1,"name":"Home","item":"https:\/\/keutschacherhof.com\/ro\/"},{"@type":"ListItem","position":2,"name":"Termeni de utilizare"}]},{"@type":"WebSite","@id":"https:\/\/keutschacherhof.com\/#website","url":"https:\/\/keutschacherhof.com\/","name":"KEUTSCHACHERHOF","description":"The perfect location for You to have fun and relax, any time of the year.","publisher":{"@id":"https:\/\/keutschacherhof.com\/#organization"},"potentialAction":[{"@type":"SearchAction","target":{"@type":"EntryPoint","urlTemplate":"https:\/\/keutschacherhof.com\/?s={search_term_string}"},"query-input":{"@type":"PropertyValueSpecification","valueRequired":true,"valueName":"search_term_string"}}],"inLanguage":"ro-RO"},{"@type":"Organization","@id":"https:\/\/keutschacherhof.com\/#organization","name":"KEUTSCHACHERHOF","url":"https:\/\/keutschacherhof.com\/","logo":{"@type":"ImageObject","inLanguage":"ro-RO","@id":"https:\/\/keutschacherhof.com\/#\/schema\/logo\/image\/","url":"https:\/\/736a45.n3cdn1.secureserver.net\/wp-content\/uploads\/2024\/02\/Logo_Hotel.png?time=1709659338","contentUrl":"https:\/\/736a45.n3cdn1.secureserver.net\/wp-content\/uploads\/2024\/02\/Logo_Hotel.png?time=1709659338","width":840,"height":300,"caption":"KEUTSCHACHERHOF"},"image":{"@id":"https:\/\/keutschacherhof.com\/#\/schema\/logo\/image\/"},"sameAs":["https:\/\/www.facebook.com\/keutschacherhof.at","https:\/\/www.instagram.com\/keutschacherhof\/"]}]}},"jetpack_sharing_enabled":true,"_links":{"self":[{"href":"https:\/\/keutschacherhof.com\/ro\/wp-json\/wp\/v2\/pages\/18991","targetHints":{"allow":["GET"]}}],"collection":[{"href":"https:\/\/keutschacherhof.com\/ro\/wp-json\/wp\/v2\/pages"}],"about":[{"href":"https:\/\/keutschacherhof.com\/ro\/wp-json\/wp\/v2\/types\/page"}],"author":[{"embeddable":true,"href":"https:\/\/keutschacherhof.com\/ro\/wp-json\/wp\/v2\/users\/2"}],"replies":[{"embeddable":true,"href":"https:\/\/keutschacherhof.com\/ro\/wp-json\/wp\/v2\/comments?post=18991"}],"version-history":[{"count":5,"href":"https:\/\/keutschacherhof.com\/ro\/wp-json\/wp\/v2\/pages\/18991\/revisions"}],"predecessor-version":[{"id":19576,"href":"https:\/\/keutschacherhof.com\/ro\/wp-json\/wp\/v2\/pages\/18991\/revisions\/19576"}],"wp:attachment":[{"href":"https:\/\/keutschacherhof.com\/ro\/wp-json\/wp\/v2\/media?parent=18991"}],"curies":[{"name":"wp","href":"https:\/\/api.w.org\/{rel}","templated":true}]}}