{"id":18833,"date":"2024-02-06T10:14:32","date_gmt":"2024-02-06T10:14:32","guid":{"rendered":"https:\/\/keutschacherhof.com\/terms-of-use\/"},"modified":"2025-07-14T12:45:03","modified_gmt":"2025-07-14T12:45:03","slug":"nutzungsbedingungen","status":"publish","type":"page","link":"https:\/\/keutschacherhof.com\/de\/nutzungsbedingungen\/","title":{"rendered":"Nutzungsbedingungen"},"content":{"rendered":"<p><div class=\"fusion-bg-parallax\" data-bg-align=\"center center\" data-direction=\"down\" data-mute=\"false\" data-opacity=\"100\" data-velocity=\"-0.3\" data-mobile-enabled=\"false\" data-break_parents=\"0\" data-bg-image=\"https:\/\/keutschacherhof.com\/wp-content\/uploads\/2023\/04\/IMG_0317-1-1024x768.jpg\" data-bg-repeat=\"false\" ><\/div><div class=\"fusion-fullwidth fullwidth-box fusion-builder-row-1 fusion-flex-container has-pattern-background has-mask-background fusion-parallax-down nonhundred-percent-fullwidth non-hundred-percent-height-scrolling lazyload fusion-animated\" style=\"--awb-border-radius-top-left:0px;--awb-border-radius-top-right:0px;--awb-border-radius-bottom-right:0px;--awb-border-radius-bottom-left:0px;--awb-padding-top:15vw;--awb-padding-bottom:15vw;--awb-padding-top-small:80px;--awb-padding-bottom-small:80px;--awb-background-size:cover;--awb-flex-wrap:wrap;--awb-animation-color:var(--awb-color3);\" data-bg=\"https:\/\/keutschacherhof.com\/wp-content\/uploads\/2023\/04\/IMG_0317-1-1024x768.jpg\" data-animationType=\"revealInLeft\" data-animationDuration=\"1.2\" data-animationOffset=\"top-into-view\" ><div class=\"fusion-builder-row fusion-row fusion-flex-align-items-flex-start fusion-flex-content-wrap\" style=\"max-width:1248px;margin-left: calc(-4% \/ 2 );margin-right: calc(-4% \/ 2 );\"><div class=\"fusion-layout-column fusion_builder_column fusion-builder-column-0 fusion_builder_column_1_1 1_1 fusion-flex-column\" style=\"--awb-bg-size:cover;--awb-width-large:100%;--awb-margin-top-large:0px;--awb-spacing-right-large:1.92%;--awb-margin-bottom-large:0px;--awb-spacing-left-large:1.92%;--awb-width-medium:100%;--awb-order-medium:0;--awb-spacing-right-medium:1.92%;--awb-spacing-left-medium:1.92%;--awb-width-small:100%;--awb-order-small:0;--awb-spacing-right-small:1.92%;--awb-spacing-left-small:1.92%;\"><div class=\"fusion-column-wrapper fusion-column-has-shadow fusion-flex-justify-content-flex-start fusion-content-layout-column\"><\/div><\/div><\/div><\/div><div class=\"fusion-fullwidth fullwidth-box fusion-builder-row-2 fusion-flex-container has-pattern-background has-mask-background nonhundred-percent-fullwidth non-hundred-percent-height-scrolling\" style=\"--awb-background-position:left center;--awb-border-radius-top-left:0px;--awb-border-radius-top-right:0px;--awb-border-radius-bottom-right:0px;--awb-border-radius-bottom-left:0px;--awb-padding-top:100px;--awb-padding-bottom:10px;--awb-padding-top-medium:90px;--awb-padding-bottom-medium:90px;--awb-flex-wrap:wrap;\" ><div class=\"fusion-builder-row fusion-row fusion-flex-align-items-flex-start fusion-flex-justify-content-center fusion-flex-content-wrap\" style=\"max-width:calc( 1200px + 100px );margin-left: calc(-100px \/ 2 );margin-right: calc(-100px \/ 2 );\"><div class=\"fusion-layout-column fusion_builder_column fusion-builder-column-1 fusion_builder_column_1_1 1_1 fusion-flex-column fusion-animated\" style=\"--awb-bg-color:var(--awb-color2);--awb-bg-color-hover:var(--awb-color2);--awb-bg-size:cover;--awb-width-large:100%;--awb-margin-top-large:0px;--awb-spacing-right-large:50px;--awb-margin-bottom-large:100px;--awb-spacing-left-large:50px;--awb-width-medium:100%;--awb-order-medium:0;--awb-spacing-right-medium:50px;--awb-spacing-left-medium:50px;--awb-width-small:100%;--awb-order-small:0;--awb-spacing-right-small:50px;--awb-margin-bottom-small:68px;--awb-spacing-left-small:50px;\" data-animationType=\"fadeInDown\" data-animationDuration=\"0.8\" data-animationDelay=\"0.2\" data-animationOffset=\"top-into-view\"><div class=\"fusion-column-wrapper fusion-column-has-shadow fusion-flex-justify-content-flex-start fusion-content-layout-column\"><div class=\"fusion-title title fusion-title-1 fusion-no-small-visibility fusion-sep-none fusion-title-center fusion-title-text fusion-title-size-one\" style=\"--awb-text-color:var(--awb-color8);--awb-margin-bottom:20px;--awb-margin-top-small:10px;--awb-margin-right-small:0px;--awb-margin-bottom-small:20px;--awb-margin-left-small:0px;\"><h1 class=\"fusion-title-heading title-heading-center\" style=\"margin:0;\">Keutschacherhof Urlaub genie\u00dfen<\/h1><\/div><div class=\"fusion-title title fusion-title-2 fusion-no-medium-visibility fusion-no-large-visibility fusion-sep-none fusion-title-center fusion-title-text fusion-title-size-one\" style=\"--awb-text-color:var(--awb-color8);--awb-margin-bottom:20px;--awb-margin-top-small:10px;--awb-margin-right-small:0px;--awb-margin-bottom-small:20px;--awb-margin-left-small:0px;--awb-font-size:36px;\"><h1 class=\"fusion-title-heading title-heading-center\" style=\"margin:0;font-size:1em;\">\u00dcber unsere Einrichtung<\/h1><\/div><div class=\"fusion-text fusion-text-1 fusion-no-small-visibility fusion-text-no-margin\" style=\"--awb-content-alignment:center;--awb-margin-right:5%;--awb-margin-bottom:0px;--awb-margin-left:5%;\"><p>Der perfekte Ort f\u00fcr Spa\u00df und Entspannung zu jeder Jahreszeit. Wassersport im Sommer?<\/p>\n<p>Reiten und Wandern in der herrlichen Natur? Ikonische Kunst und andere Ausstellungen?<\/p>\n<\/div><div class=\"fusion-title title fusion-title-3 fusion-no-small-visibility fusion-sep-none fusion-title-center fusion-title-text fusion-title-size-three\" style=\"--awb-text-color:var(--awb-color8);--awb-margin-top:25px;--awb-margin-bottom:0px;--awb-margin-top-small:10px;--awb-margin-right-small:0px;--awb-margin-bottom-small:20px;--awb-margin-left-small:0px;\"><h3 class=\"fusion-title-heading title-heading-center\" style=\"margin:0;\">Wir haben alles!<\/h3><\/div><\/div><\/div><\/div><\/div><div class=\"fusion-fullwidth fullwidth-box fusion-builder-row-3 fusion-flex-container has-pattern-background has-mask-background nonhundred-percent-fullwidth non-hundred-percent-height-scrolling\" style=\"--awb-background-position:left center;--awb-border-radius-top-left:0px;--awb-border-radius-top-right:0px;--awb-border-radius-bottom-right:0px;--awb-border-radius-bottom-left:0px;--awb-padding-top:30px;--awb-padding-bottom:0px;--awb-padding-top-medium:90px;--awb-padding-bottom-medium:90px;--awb-margin-bottom:0px;--awb-background-color:var(--awb-color1);--awb-flex-wrap:wrap;\" ><div class=\"fusion-builder-row fusion-row fusion-flex-align-items-flex-start fusion-flex-justify-content-center fusion-flex-content-wrap\" style=\"max-width:1248px;margin-left: calc(-4% \/ 2 );margin-right: calc(-4% \/ 2 );\"><div class=\"fusion-layout-column fusion_builder_column fusion-builder-column-2 fusion_builder_column_1_1 1_1 fusion-flex-column fusion-animated\" style=\"--awb-padding-top:30px;--awb-padding-right:30px;--awb-padding-bottom:30px;--awb-padding-left:30px;--awb-bg-size:cover;--awb-width-large:100%;--awb-margin-top-large:0px;--awb-spacing-right-large:1.92%;--awb-margin-bottom-large:0px;--awb-spacing-left-large:1.92%;--awb-width-medium:100%;--awb-order-medium:0;--awb-spacing-right-medium:1.92%;--awb-spacing-left-medium:1.92%;--awb-width-small:100%;--awb-order-small:0;--awb-spacing-right-small:1.92%;--awb-margin-bottom-small:30px;--awb-spacing-left-small:1.92%;\" data-animationType=\"fadeInUp\" data-animationDuration=\"0.8\" data-animationDelay=\"0.3\" data-animationOffset=\"top-into-view\" data-scroll-devices=\"small-visibility,medium-visibility,large-visibility\"><div class=\"fusion-column-wrapper fusion-column-has-shadow fusion-flex-justify-content-flex-start fusion-content-layout-column\"><div class=\"fusion-title title fusion-title-4 fusion-sep-none fusion-title-text fusion-title-size-two\" style=\"--awb-text-color:var(--awb-color8);--awb-margin-top-small:10px;--awb-margin-right-small:0px;--awb-margin-bottom-small:10px;--awb-margin-left-small:0px;\"><h2 class=\"fusion-title-heading title-heading-left\" style=\"margin:0;\">Nutzungsbedingungen:<\/h2><\/div><div class=\"fusion-text fusion-text-2\"><p>Liebe G\u00e4ste,<\/p>\n<p>Der Keutschacherhof steht f\u00fcr GENUSS! Um allen G\u00e4sten einen erholsamen Aufenthalt zu erm\u00f6glichen, bitten wir Sie, folgende Informationen und Hausordnung zu beachten:<\/p>\n<p>\u00d6FFNUNGSZEITEN REZEPTION: 8:00 \u2013 12:00 Uhr und 15:00 \u2013 20:00 Uhr<\/p>\n<p>ZIMMER\u00dcBERGABE: 15:00 Uhr \u2013 ABREISE: bis sp\u00e4testens 11:00 Uhr<\/p>\n<p>Das Fr\u00fchst\u00fcck wird zwischen 7:30 \u2013 10:00 Uhr serviert. Bitte bestellen Sie das Fr\u00fchst\u00fcck bis 18:00 Uhr am Vortag.<\/p>\n<p>SCHWIMMEN IM PRIVATPOOL: Die Nutzung erfolgt bis auf Weiteres auf eigene Gefahr \u2013 es ist kein Bestandteil der Hotelleistungen. \u00d6FFNUNGSZEITEN: 9:30 \u2013 20:00 Uhr. KINDER m\u00fcssen immer von den Eltern beaufsichtigt werden.<\/p>\n<p>NUTZUNG DER SONNENLIEGEN: von 9:00 bis 20:00 Uhr &#8211; bitte nur darauf liegen \u2013 nicht darauf springen, stehen oder tanzen.<\/p>\n<p>RUHEZEITEN: Nachmittagsruhe: 12:00 bis 15:00 Uhr und Nachtruhe: 22:00 bis 8:00 Uhr. Im Garten bitten wir um eine generell moderate Lautst\u00e4rke, um andere G\u00e4ste nicht zu st\u00f6ren. In den Zimmern halten Sie bitte Musik, Fernsehen, Gespr\u00e4che etc. auf Zimmerlautst\u00e4rke.<\/p>\n<p>F\u00fcr die T\u00c4GLICHE REINIGUNG h\u00e4ngen Sie bitte bis 10:00 Uhr die gr\u00fcnen Reinigungsschilder au\u00dfen an Ihre T\u00fcr.<\/p>\n<p>HAND- UND BADET\u00dcCHER WECHSELN, wenn Sie diese auf dem Boden liegen lassen. Es ist nicht gestattet, sie als Strandt\u00fccher in den Garten oder an den See mitzunehmen.<\/p>\n<p>GETR\u00c4NKE UND KLEINE SNACKS k\u00f6nnen w\u00e4hrend der \u00d6ffnungszeiten der Rezeption bestellt werden.<\/p>\n<p>K\u00dcHLSCHR\u00c4NKE (Erdgeschoss) k\u00f6nnen auf \u201eeigene Gefahr\u201c benutzt werden.<\/p>\n<p>F\u00fcr Anregungen und W\u00fcnsche stehen Ihnen REZEPTION und Familie jederzeit gerne zur Verf\u00fcgung.<\/p>\n<p>WLAN: KEUTSCHACHERHOF; PASSWORT: 11223344<\/p>\n<p>Wir w\u00fcnschen Ihnen einen angenehmen Aufenthalt und vor allem Erholung in unserer wunderbaren Umgebung, die neben tollen Restaurants und Bars auch fantastische Sehensw\u00fcrdigkeiten, Wander-, Mountainbike- und Radtouren bietet.<\/p>\n<p><strong>Stornobedingungen \u2013 Hotel Keutschacherhof<\/strong><\/p>\n<ul>\n<li>G\u00e4ste k\u00f6nnen\u00a0<strong>bis 14 Tage vor Anreise kostenlos stornieren<\/strong>.<\/li>\n<li>Das Hotel beh\u00e4lt sich das Recht vor, eine Reservierung\u00a0<strong>jederzeit vor Anreise zu stornieren<\/strong>, ohne zur Angabe von Gr\u00fcnden verpflichtet zu sein. M\u00f6gliche Gr\u00fcnde sind\u00a0<strong>h\u00f6here Gewalt, \u00dcberbuchung<\/strong>\u00a0(durch technische oder menschliche Fehler, z.\u202fB. bei Schnittstellen), oder andere unvorhergesehene Umst\u00e4nde.<\/li>\n<li>Wurde\u00a0<strong>eine Zahlung geleistet<\/strong>, erfolgt eine\u00a0<strong>vollst\u00e4ndige R\u00fcckerstattung<\/strong>. Wurde\u00a0<strong>keine Zahlung geleistet<\/strong>, besteht\u00a0<strong>kein Anspruch auf R\u00fcckerstattung<\/strong>.<\/li>\n<li>Als Ausgleich f\u00fcr etwaige Unannehmlichkeiten kann das Hotel \u2013 je nach Verf\u00fcgbarkeit und Kulanz \u2013\u00a0<strong>individuelle Vorteile<\/strong>\u00a0(z.\u202fB. Rabatt oder alternatives Datum) anbieten.<\/li>\n<\/ul>\n<p>IHR Keutschacherhof-Team<\/p>\n<\/div><\/div><\/div><\/div><\/div><\/p>\n","protected":false},"excerpt":{"rendered":"","protected":false},"author":2,"featured_media":0,"parent":0,"menu_order":0,"comment_status":"closed","ping_status":"closed","template":"100-width.php","meta":{"footnotes":""},"class_list":["post-18833","page","type-page","status-publish","hentry"],"yoast_head":"<!-- This site is optimized with the Yoast SEO Premium plugin v27.3 (Yoast SEO v27.5) - https:\/\/yoast.com\/product\/yoast-seo-premium-wordpress\/ -->\n<title>Nutzungsbedingungen - KEUTSCHACHERHOF HOTEL<\/title>\n<meta name=\"robots\" content=\"index, follow, max-snippet:-1, max-image-preview:large, max-video-preview:-1\" \/>\n<link rel=\"canonical\" href=\"https:\/\/keutschacherhof.com\/de\/nutzungsbedingungen\/\" \/>\n<meta property=\"og:locale\" content=\"de_DE\" \/>\n<meta property=\"og:type\" content=\"article\" \/>\n<meta property=\"og:title\" content=\"Nutzungsbedingungen\" \/>\n<meta property=\"og:url\" content=\"https:\/\/keutschacherhof.com\/de\/nutzungsbedingungen\/\" \/>\n<meta property=\"og:site_name\" content=\"KEUTSCHACHERHOF HOTEL\" \/>\n<meta property=\"article:publisher\" content=\"https:\/\/www.facebook.com\/keutschacherhof.at\" \/>\n<meta property=\"article:modified_time\" content=\"2025-07-14T12:45:03+00:00\" \/>\n<meta name=\"twitter:card\" content=\"summary_large_image\" \/>\n<meta name=\"twitter:label1\" content=\"Gesch\u00e4tzte Lesezeit\" \/>\n\t<meta name=\"twitter:data1\" content=\"2\u00a0Minuten\" \/>\n<script type=\"application\/ld+json\" class=\"yoast-schema-graph\">{\"@context\":\"https:\\\/\\\/schema.org\",\"@graph\":[{\"@type\":\"WebPage\",\"@id\":\"https:\\\/\\\/keutschacherhof.com\\\/de\\\/nutzungsbedingungen\\\/\",\"url\":\"https:\\\/\\\/keutschacherhof.com\\\/de\\\/nutzungsbedingungen\\\/\",\"name\":\"Nutzungsbedingungen - KEUTSCHACHERHOF HOTEL\",\"isPartOf\":{\"@id\":\"https:\\\/\\\/keutschacherhof.com\\\/#website\"},\"datePublished\":\"2024-02-06T10:14:32+00:00\",\"dateModified\":\"2025-07-14T12:45:03+00:00\",\"breadcrumb\":{\"@id\":\"https:\\\/\\\/keutschacherhof.com\\\/de\\\/nutzungsbedingungen\\\/#breadcrumb\"},\"inLanguage\":\"de\",\"potentialAction\":[{\"@type\":\"ReadAction\",\"target\":[\"https:\\\/\\\/keutschacherhof.com\\\/de\\\/nutzungsbedingungen\\\/\"]}]},{\"@type\":\"BreadcrumbList\",\"@id\":\"https:\\\/\\\/keutschacherhof.com\\\/de\\\/nutzungsbedingungen\\\/#breadcrumb\",\"itemListElement\":[{\"@type\":\"ListItem\",\"position\":1,\"name\":\"Home\",\"item\":\"https:\\\/\\\/keutschacherhof.com\\\/de\\\/\"},{\"@type\":\"ListItem\",\"position\":2,\"name\":\"Nutzungsbedingungen\"}]},{\"@type\":\"WebSite\",\"@id\":\"https:\\\/\\\/keutschacherhof.com\\\/#website\",\"url\":\"https:\\\/\\\/keutschacherhof.com\\\/\",\"name\":\"KEUTSCHACHERHOF\",\"description\":\"The perfect location for You to have fun and relax, any time of the year.\",\"publisher\":{\"@id\":\"https:\\\/\\\/keutschacherhof.com\\\/#organization\"},\"potentialAction\":[{\"@type\":\"SearchAction\",\"target\":{\"@type\":\"EntryPoint\",\"urlTemplate\":\"https:\\\/\\\/keutschacherhof.com\\\/?s={search_term_string}\"},\"query-input\":{\"@type\":\"PropertyValueSpecification\",\"valueRequired\":true,\"valueName\":\"search_term_string\"}}],\"inLanguage\":\"de\"},{\"@type\":\"Organization\",\"@id\":\"https:\\\/\\\/keutschacherhof.com\\\/#organization\",\"name\":\"KEUTSCHACHERHOF\",\"url\":\"https:\\\/\\\/keutschacherhof.com\\\/\",\"logo\":{\"@type\":\"ImageObject\",\"inLanguage\":\"de\",\"@id\":\"https:\\\/\\\/keutschacherhof.com\\\/#\\\/schema\\\/logo\\\/image\\\/\",\"url\":\"https:\\\/\\\/736a45.n3cdn1.secureserver.net\\\/wp-content\\\/uploads\\\/2024\\\/02\\\/Logo_Hotel.png?time=1709659338\",\"contentUrl\":\"https:\\\/\\\/736a45.n3cdn1.secureserver.net\\\/wp-content\\\/uploads\\\/2024\\\/02\\\/Logo_Hotel.png?time=1709659338\",\"width\":840,\"height\":300,\"caption\":\"KEUTSCHACHERHOF\"},\"image\":{\"@id\":\"https:\\\/\\\/keutschacherhof.com\\\/#\\\/schema\\\/logo\\\/image\\\/\"},\"sameAs\":[\"https:\\\/\\\/www.facebook.com\\\/keutschacherhof.at\",\"https:\\\/\\\/www.instagram.com\\\/keutschacherhof\\\/\"]}]}<\/script>\n<!-- \/ Yoast SEO Premium plugin. -->","yoast_head_json":{"title":"Nutzungsbedingungen - KEUTSCHACHERHOF HOTEL","robots":{"index":"index","follow":"follow","max-snippet":"max-snippet:-1","max-image-preview":"max-image-preview:large","max-video-preview":"max-video-preview:-1"},"canonical":"https:\/\/keutschacherhof.com\/de\/nutzungsbedingungen\/","og_locale":"de_DE","og_type":"article","og_title":"Nutzungsbedingungen","og_url":"https:\/\/keutschacherhof.com\/de\/nutzungsbedingungen\/","og_site_name":"KEUTSCHACHERHOF HOTEL","article_publisher":"https:\/\/www.facebook.com\/keutschacherhof.at","article_modified_time":"2025-07-14T12:45:03+00:00","twitter_card":"summary_large_image","twitter_misc":{"Gesch\u00e4tzte Lesezeit":"2\u00a0Minuten"},"schema":{"@context":"https:\/\/schema.org","@graph":[{"@type":"WebPage","@id":"https:\/\/keutschacherhof.com\/de\/nutzungsbedingungen\/","url":"https:\/\/keutschacherhof.com\/de\/nutzungsbedingungen\/","name":"Nutzungsbedingungen - KEUTSCHACHERHOF HOTEL","isPartOf":{"@id":"https:\/\/keutschacherhof.com\/#website"},"datePublished":"2024-02-06T10:14:32+00:00","dateModified":"2025-07-14T12:45:03+00:00","breadcrumb":{"@id":"https:\/\/keutschacherhof.com\/de\/nutzungsbedingungen\/#breadcrumb"},"inLanguage":"de","potentialAction":[{"@type":"ReadAction","target":["https:\/\/keutschacherhof.com\/de\/nutzungsbedingungen\/"]}]},{"@type":"BreadcrumbList","@id":"https:\/\/keutschacherhof.com\/de\/nutzungsbedingungen\/#breadcrumb","itemListElement":[{"@type":"ListItem","position":1,"name":"Home","item":"https:\/\/keutschacherhof.com\/de\/"},{"@type":"ListItem","position":2,"name":"Nutzungsbedingungen"}]},{"@type":"WebSite","@id":"https:\/\/keutschacherhof.com\/#website","url":"https:\/\/keutschacherhof.com\/","name":"KEUTSCHACHERHOF","description":"The perfect location for You to have fun and relax, any time of the year.","publisher":{"@id":"https:\/\/keutschacherhof.com\/#organization"},"potentialAction":[{"@type":"SearchAction","target":{"@type":"EntryPoint","urlTemplate":"https:\/\/keutschacherhof.com\/?s={search_term_string}"},"query-input":{"@type":"PropertyValueSpecification","valueRequired":true,"valueName":"search_term_string"}}],"inLanguage":"de"},{"@type":"Organization","@id":"https:\/\/keutschacherhof.com\/#organization","name":"KEUTSCHACHERHOF","url":"https:\/\/keutschacherhof.com\/","logo":{"@type":"ImageObject","inLanguage":"de","@id":"https:\/\/keutschacherhof.com\/#\/schema\/logo\/image\/","url":"https:\/\/736a45.n3cdn1.secureserver.net\/wp-content\/uploads\/2024\/02\/Logo_Hotel.png?time=1709659338","contentUrl":"https:\/\/736a45.n3cdn1.secureserver.net\/wp-content\/uploads\/2024\/02\/Logo_Hotel.png?time=1709659338","width":840,"height":300,"caption":"KEUTSCHACHERHOF"},"image":{"@id":"https:\/\/keutschacherhof.com\/#\/schema\/logo\/image\/"},"sameAs":["https:\/\/www.facebook.com\/keutschacherhof.at","https:\/\/www.instagram.com\/keutschacherhof\/"]}]}},"jetpack_sharing_enabled":true,"_links":{"self":[{"href":"https:\/\/keutschacherhof.com\/de\/wp-json\/wp\/v2\/pages\/18833","targetHints":{"allow":["GET"]}}],"collection":[{"href":"https:\/\/keutschacherhof.com\/de\/wp-json\/wp\/v2\/pages"}],"about":[{"href":"https:\/\/keutschacherhof.com\/de\/wp-json\/wp\/v2\/types\/page"}],"author":[{"embeddable":true,"href":"https:\/\/keutschacherhof.com\/de\/wp-json\/wp\/v2\/users\/2"}],"replies":[{"embeddable":true,"href":"https:\/\/keutschacherhof.com\/de\/wp-json\/wp\/v2\/comments?post=18833"}],"version-history":[{"count":4,"href":"https:\/\/keutschacherhof.com\/de\/wp-json\/wp\/v2\/pages\/18833\/revisions"}],"predecessor-version":[{"id":19575,"href":"https:\/\/keutschacherhof.com\/de\/wp-json\/wp\/v2\/pages\/18833\/revisions\/19575"}],"wp:attachment":[{"href":"https:\/\/keutschacherhof.com\/de\/wp-json\/wp\/v2\/media?parent=18833"}],"curies":[{"name":"wp","href":"https:\/\/api.w.org\/{rel}","templated":true}]}}